
{"id":70852,"date":"2015-11-19T10:40:52","date_gmt":"2015-11-19T09:40:52","guid":{"rendered":"https:\/\/muukreacje.pl\/shop\/"},"modified":"2023-11-30T10:07:06","modified_gmt":"2023-11-30T09:07:06","slug":"shop","status":"publish","type":"page","link":"https:\/\/muukreacje.pl\/en\/shop\/","title":{"rendered":"Shop"},"content":{"rendered":"<a data-animate=\"bounceIn\" href=\"https:\/\/www.subscribepage.com\/50zeta\" target=\"_blank\" class=\"button success is-gloss box-shadow-3 box-shadow-3-hover expand\" rel=\"noopener\" >\n\t<i class=\"icon-gift\" aria-hidden=\"true\"><\/i>\t<span>ODBIERZ 50 Z\u0141 NA PIERWSZE ZAKUPY !<\/span>\n\t<\/a>\n\n<p>&nbsp;<\/p>\n<p>&nbsp;<\/p>\n","protected":false},"excerpt":{"rendered":"<p>&nbsp; &nbsp;<\/p>\n","protected":false},"author":1691,"featured_media":89641,"parent":0,"menu_order":0,"comment_status":"open","ping_status":"closed","template":"","meta":{"_acf_changed":false,"footnotes":""},"class_list":["post-70852","page","type-page","status-publish","has-post-thumbnail","hentry"],"acf":[],"yoast_head":"<!-- This site is optimized with the Yoast SEO plugin v27.0 - https:\/\/yoast.com\/product\/yoast-seo-wordpress\/ -->\n<title>Shop - MUUkreacje moda damska, odzie\u017c szyta na wymiar z kolorowych autorskich print\u00f3w<\/title>\n<meta name=\"robots\" content=\"index, follow, max-snippet:-1, max-image-preview:large, max-video-preview:-1\" \/>\n<link rel=\"canonical\" href=\"https:\/\/muukreacje.pl\/shop\/\" \/>\n<meta property=\"og:locale\" content=\"en_US\" \/>\n<meta property=\"og:type\" content=\"article\" \/>\n<meta property=\"og:title\" content=\"Shop - MUUkreacje moda damska, odzie\u017c szyta na wymiar z kolorowych autorskich print\u00f3w\" \/>\n<meta property=\"og:description\" content=\"&nbsp; &nbsp;\" \/>\n<meta property=\"og:url\" content=\"https:\/\/muukreacje.pl\/shop\/\" \/>\n<meta property=\"og:site_name\" content=\"MUUkreacje moda damska, odzie\u017c szyta na wymiar z kolorowych autorskich print\u00f3w\" \/>\n<meta property=\"article:publisher\" content=\"https:\/\/www.facebook.com\/muukreacje\" \/>\n<meta property=\"article:modified_time\" content=\"2023-11-30T09:07:06+00:00\" \/>\n<!-- \/ Yoast SEO plugin. -->","yoast_head_json":{"title":"Shop - MUUkreacje moda damska, odzie\u017c szyta na wymiar z kolorowych autorskich print\u00f3w","robots":{"index":"index","follow":"follow","max-snippet":"max-snippet:-1","max-image-preview":"max-image-preview:large","max-video-preview":"max-video-preview:-1"},"canonical":"https:\/\/muukreacje.pl\/shop\/","og_locale":"en_US","og_type":"article","og_title":"Shop - MUUkreacje moda damska, odzie\u017c szyta na wymiar z kolorowych autorskich print\u00f3w","og_description":"&nbsp; &nbsp;","og_url":"https:\/\/muukreacje.pl\/shop\/","og_site_name":"MUUkreacje moda damska, odzie\u017c szyta na wymiar z kolorowych autorskich print\u00f3w","article_publisher":"https:\/\/www.facebook.com\/muukreacje","article_modified_time":"2023-11-30T09:07:06+00:00","schema":{"@context":"https:\/\/schema.org","@graph":[{"@type":"WebPage","@id":"https:\/\/muukreacje.pl\/shop\/","url":"https:\/\/muukreacje.pl\/shop\/","name":"Shop - MUUkreacje moda damska, odzie\u017c szyta na wymiar z kolorowych autorskich print\u00f3w","isPartOf":{"@id":"https:\/\/muukreacje.pl\/#website"},"primaryImageOfPage":{"@id":"https:\/\/muukreacje.pl\/shop\/#primaryimage"},"image":{"@id":"https:\/\/muukreacje.pl\/shop\/#primaryimage"},"thumbnailUrl":"https:\/\/muukreacje.pl\/wp-content\/uploads\/2024\/10\/2.png","datePublished":"2015-11-19T09:40:52+00:00","dateModified":"2023-11-30T09:07:06+00:00","breadcrumb":{"@id":"https:\/\/muukreacje.pl\/shop\/#breadcrumb"},"inLanguage":"en-US","potentialAction":[{"@type":"ReadAction","target":["https:\/\/muukreacje.pl\/shop\/"]}]},{"@type":"ImageObject","inLanguage":"en-US","@id":"https:\/\/muukreacje.pl\/shop\/#primaryimage","url":"https:\/\/muukreacje.pl\/wp-content\/uploads\/2024\/10\/2.png","contentUrl":"https:\/\/muukreacje.pl\/wp-content\/uploads\/2024\/10\/2.png","width":1920,"height":1920},{"@type":"BreadcrumbList","@id":"https:\/\/muukreacje.pl\/shop\/#breadcrumb","itemListElement":[{"@type":"ListItem","position":1,"name":"Strona g\u0142\u00f3wna","item":"https:\/\/muukreacje.pl\/en\/"},{"@type":"ListItem","position":2,"name":"Shop"}]},{"@type":"WebSite","@id":"https:\/\/muukreacje.pl\/#website","url":"https:\/\/muukreacje.pl\/","name":"MUUkreacje moda damska szyta na wymiar z autorskich print\u00f3w","description":"SZYJEMY DLA WYSOKICH, NISKICH, PLUS SIZE I PETITE CZYLI DLA KA\u017bDEJ Z WAS! DLA CIEBIE TE\u017b! ","publisher":{"@id":"https:\/\/muukreacje.pl\/#organization"},"potentialAction":[{"@type":"SearchAction","target":{"@type":"EntryPoint","urlTemplate":"https:\/\/muukreacje.pl\/?s={search_term_string}"},"query-input":{"@type":"PropertyValueSpecification","valueRequired":true,"valueName":"search_term_string"}}],"inLanguage":"en-US"},{"@type":"Organization","@id":"https:\/\/muukreacje.pl\/#organization","name":"MuuKreacje.pl","url":"https:\/\/muukreacje.pl\/","logo":{"@type":"ImageObject","inLanguage":"en-US","@id":"https:\/\/muukreacje.pl\/#\/schema\/logo\/image\/","url":"https:\/\/muukreacje.pl\/wp-content\/uploads\/2020\/09\/MuuKreacje-logo-opt-woo2.png","contentUrl":"https:\/\/muukreacje.pl\/wp-content\/uploads\/2020\/09\/MuuKreacje-logo-opt-woo2.png","width":220,"height":145,"caption":"MuuKreacje.pl"},"image":{"@id":"https:\/\/muukreacje.pl\/#\/schema\/logo\/image\/"},"sameAs":["https:\/\/www.facebook.com\/muukreacje","https:\/\/www.instagram.com\/muukreacje"]}]}},"_links":{"self":[{"href":"https:\/\/muukreacje.pl\/en\/wp-json\/wp\/v2\/pages\/70852","targetHints":{"allow":["GET"]}}],"collection":[{"href":"https:\/\/muukreacje.pl\/en\/wp-json\/wp\/v2\/pages"}],"about":[{"href":"https:\/\/muukreacje.pl\/en\/wp-json\/wp\/v2\/types\/page"}],"author":[{"embeddable":true,"href":"https:\/\/muukreacje.pl\/en\/wp-json\/wp\/v2\/users\/1691"}],"replies":[{"embeddable":true,"href":"https:\/\/muukreacje.pl\/en\/wp-json\/wp\/v2\/comments?post=70852"}],"version-history":[{"count":0,"href":"https:\/\/muukreacje.pl\/en\/wp-json\/wp\/v2\/pages\/70852\/revisions"}],"wp:featuredmedia":[{"embeddable":true,"href":"https:\/\/muukreacje.pl\/en\/wp-json\/wp\/v2\/media\/89641"}],"wp:attachment":[{"href":"https:\/\/muukreacje.pl\/en\/wp-json\/wp\/v2\/media?parent=70852"}],"curies":[{"name":"wp","href":"https:\/\/api.w.org\/{rel}","templated":true}]}}