
{"id":70947,"date":"2015-11-19T10:40:52","date_gmt":"2015-11-19T09:40:52","guid":{"rendered":"https:\/\/muukreacje.pl\/cart\/"},"modified":"2023-12-01T12:29:56","modified_gmt":"2023-12-01T11:29:56","slug":"cart","status":"publish","type":"page","link":"https:\/\/muukreacje.pl\/en\/cart\/","title":{"rendered":"Cart"},"content":{"rendered":"<div class=\"row\"  id=\"row-1517027396\">\n\n\t<div id=\"col-988510314\" class=\"col small-12 large-12\"  >\n\t\t\t\t<div class=\"col-inner\"  >\n\t\t\t\n\t\t\t\n\t\t<\/div>\n\t\t\t\t\t<\/div>\n\n\t\n<\/div>\n<h1>Cart<\/h1>\n\n","protected":false},"excerpt":{"rendered":"<p>Cart<\/p>\n","protected":false},"author":1691,"featured_media":0,"parent":0,"menu_order":0,"comment_status":"closed","ping_status":"closed","template":"","meta":{"_acf_changed":false,"footnotes":""},"class_list":["post-70947","page","type-page","status-publish","hentry"],"acf":[],"yoast_head":"<!-- This site is optimized with the Yoast SEO plugin v27.0 - https:\/\/yoast.com\/product\/yoast-seo-wordpress\/ -->\n<title>Cart - MUUkreacje moda damska, odzie\u017c szyta na wymiar z kolorowych autorskich print\u00f3w<\/title>\n<meta name=\"robots\" content=\"index, follow, max-snippet:-1, max-image-preview:large, max-video-preview:-1\" \/>\n<link rel=\"canonical\" href=\"https:\/\/muukreacje.pl\/cart\/\" \/>\n<meta property=\"og:locale\" content=\"en_US\" \/>\n<meta property=\"og:type\" content=\"article\" \/>\n<meta property=\"og:title\" content=\"Cart - MUUkreacje moda damska, odzie\u017c szyta na wymiar z kolorowych autorskich print\u00f3w\" \/>\n<meta property=\"og:description\" content=\"Cart\" \/>\n<meta property=\"og:url\" content=\"https:\/\/muukreacje.pl\/cart\/\" \/>\n<meta property=\"og:site_name\" content=\"MUUkreacje moda damska, odzie\u017c szyta na wymiar z kolorowych autorskich print\u00f3w\" \/>\n<meta property=\"article:publisher\" content=\"https:\/\/www.facebook.com\/muukreacje\" \/>\n<meta property=\"article:modified_time\" content=\"2023-12-01T11:29:56+00:00\" \/>\n<meta name=\"twitter:label1\" content=\"Est. reading time\" \/>\n\t<meta name=\"twitter:data1\" content=\"1 minute\" \/>\n<!-- \/ Yoast SEO plugin. -->","yoast_head_json":{"title":"Cart - MUUkreacje moda damska, odzie\u017c szyta na wymiar z kolorowych autorskich print\u00f3w","robots":{"index":"index","follow":"follow","max-snippet":"max-snippet:-1","max-image-preview":"max-image-preview:large","max-video-preview":"max-video-preview:-1"},"canonical":"https:\/\/muukreacje.pl\/cart\/","og_locale":"en_US","og_type":"article","og_title":"Cart - MUUkreacje moda damska, odzie\u017c szyta na wymiar z kolorowych autorskich print\u00f3w","og_description":"Cart","og_url":"https:\/\/muukreacje.pl\/cart\/","og_site_name":"MUUkreacje moda damska, odzie\u017c szyta na wymiar z kolorowych autorskich print\u00f3w","article_publisher":"https:\/\/www.facebook.com\/muukreacje","article_modified_time":"2023-12-01T11:29:56+00:00","twitter_misc":{"Est. reading time":"1 minute"},"schema":{"@context":"https:\/\/schema.org","@graph":[{"@type":"WebPage","@id":"https:\/\/muukreacje.pl\/cart\/","url":"https:\/\/muukreacje.pl\/cart\/","name":"Cart - MUUkreacje moda damska, odzie\u017c szyta na wymiar z kolorowych autorskich print\u00f3w","isPartOf":{"@id":"https:\/\/muukreacje.pl\/#website"},"datePublished":"2015-11-19T09:40:52+00:00","dateModified":"2023-12-01T11:29:56+00:00","breadcrumb":{"@id":"https:\/\/muukreacje.pl\/cart\/#breadcrumb"},"inLanguage":"en-US","potentialAction":[{"@type":"ReadAction","target":["https:\/\/muukreacje.pl\/cart\/"]}]},{"@type":"BreadcrumbList","@id":"https:\/\/muukreacje.pl\/cart\/#breadcrumb","itemListElement":[{"@type":"ListItem","position":1,"name":"Strona g\u0142\u00f3wna","item":"https:\/\/muukreacje.pl\/en\/"},{"@type":"ListItem","position":2,"name":"Cart"}]},{"@type":"WebSite","@id":"https:\/\/muukreacje.pl\/#website","url":"https:\/\/muukreacje.pl\/","name":"MUUkreacje moda damska szyta na wymiar z autorskich print\u00f3w","description":"SZYJEMY DLA WYSOKICH, NISKICH, PLUS SIZE I PETITE CZYLI DLA KA\u017bDEJ Z WAS! DLA CIEBIE TE\u017b! ","publisher":{"@id":"https:\/\/muukreacje.pl\/#organization"},"potentialAction":[{"@type":"SearchAction","target":{"@type":"EntryPoint","urlTemplate":"https:\/\/muukreacje.pl\/?s={search_term_string}"},"query-input":{"@type":"PropertyValueSpecification","valueRequired":true,"valueName":"search_term_string"}}],"inLanguage":"en-US"},{"@type":"Organization","@id":"https:\/\/muukreacje.pl\/#organization","name":"MuuKreacje.pl","url":"https:\/\/muukreacje.pl\/","logo":{"@type":"ImageObject","inLanguage":"en-US","@id":"https:\/\/muukreacje.pl\/#\/schema\/logo\/image\/","url":"https:\/\/muukreacje.pl\/wp-content\/uploads\/2020\/09\/MuuKreacje-logo-opt-woo2.png","contentUrl":"https:\/\/muukreacje.pl\/wp-content\/uploads\/2020\/09\/MuuKreacje-logo-opt-woo2.png","width":220,"height":145,"caption":"MuuKreacje.pl"},"image":{"@id":"https:\/\/muukreacje.pl\/#\/schema\/logo\/image\/"},"sameAs":["https:\/\/www.facebook.com\/muukreacje","https:\/\/www.instagram.com\/muukreacje"]}]}},"_links":{"self":[{"href":"https:\/\/muukreacje.pl\/en\/wp-json\/wp\/v2\/pages\/70947","targetHints":{"allow":["GET"]}}],"collection":[{"href":"https:\/\/muukreacje.pl\/en\/wp-json\/wp\/v2\/pages"}],"about":[{"href":"https:\/\/muukreacje.pl\/en\/wp-json\/wp\/v2\/types\/page"}],"author":[{"embeddable":true,"href":"https:\/\/muukreacje.pl\/en\/wp-json\/wp\/v2\/users\/1691"}],"replies":[{"embeddable":true,"href":"https:\/\/muukreacje.pl\/en\/wp-json\/wp\/v2\/comments?post=70947"}],"version-history":[{"count":1,"href":"https:\/\/muukreacje.pl\/en\/wp-json\/wp\/v2\/pages\/70947\/revisions"}],"predecessor-version":[{"id":78300,"href":"https:\/\/muukreacje.pl\/en\/wp-json\/wp\/v2\/pages\/70947\/revisions\/78300"}],"wp:attachment":[{"href":"https:\/\/muukreacje.pl\/en\/wp-json\/wp\/v2\/media?parent=70947"}],"curies":[{"name":"wp","href":"https:\/\/api.w.org\/{rel}","templated":true}]}}