
{"id":78190,"date":"2020-09-30T20:23:03","date_gmt":"2020-09-30T18:23:03","guid":{"rendered":"https:\/\/muukreacje.pl\/muukreacje-pl-sklep-internetowy-moda-damska-szyta-na-miare-na-wymiar-komiksowa-kolorowa-moda-damska\/"},"modified":"2024-05-23T07:34:01","modified_gmt":"2024-05-23T05:34:01","slug":"muukreacje-pl-sklep-internetowy-moda-damska-szyta-na-miare-na-wymiar-komiksowa-kolorowa-moda-damska","status":"publish","type":"page","link":"https:\/\/muukreacje.pl\/en\/","title":{"rendered":"MUUcreations women&#8217;s fashion tailor made from original prints"},"content":{"rendered":"\t<div class=\"img has-hover x md-x lg-x y md-y lg-y\" id=\"image_1737976466\">\n\t\t<a class=\"\" href=\"https:\/\/muukreacje.pl\/sklep-moda-damska-szyta-na-wymiar\/\" >\t\t\t\t\t\t<div class=\"img-inner dark\" >\n\t\t\t<img loading=\"lazy\" decoding=\"async\" width=\"1020\" height=\"465\" src=\"https:\/\/muukreacje.pl\/wp-content\/uploads\/2023\/11\/KALENDAR-ADWENTOWY--1400x638.jpg\" class=\"attachment-large size-large\" alt=\"\" srcset=\"https:\/\/muukreacje.pl\/wp-content\/uploads\/2023\/11\/KALENDAR-ADWENTOWY--1400x638.jpg 1400w, https:\/\/muukreacje.pl\/wp-content\/uploads\/2023\/11\/KALENDAR-ADWENTOWY--500x228.jpg 500w, https:\/\/muukreacje.pl\/wp-content\/uploads\/2023\/11\/KALENDAR-ADWENTOWY--800x365.jpg 800w, https:\/\/muukreacje.pl\/wp-content\/uploads\/2023\/11\/KALENDAR-ADWENTOWY--768x350.jpg 768w, https:\/\/muukreacje.pl\/wp-content\/uploads\/2023\/11\/KALENDAR-ADWENTOWY-.jpg 1485w\" sizes=\"auto, (max-width: 1020px) 100vw, 1020px\" \/>\t\t\t\t\t\t\n\t\t\t\t\t<\/div>\n\t\t\t\t\t\t<\/a>\t\t\n<style>\n#image_1737976466 {\n  width: 100%;\n}\n<\/style>\n\t<\/div>\n\t\n<div class=\"container section-title-container\" style=\"margin-top:21px;\"><h3 class=\"section-title section-title-bold-center\"><b aria-hidden=\"true\"><\/b><span class=\"section-title-main\" style=\"font-size:124%;color:rgb(0, 0, 0);\">BESTSELLERS<\/span><b aria-hidden=\"true\"><\/b><\/h3><\/div>\n\t\n  \n    <div class=\"row large-columns-4 medium-columns-3 small-columns-2 row-small has-shadow row-box-shadow-2 row-box-shadow-2-hover\" >\n  <\/div>\n<div class=\"container section-title-container\" style=\"margin-top:21px;\"><h3 class=\"section-title section-title-bold-center\"><b aria-hidden=\"true\"><\/b><span class=\"section-title-main\" style=\"font-size:124%;color:rgb(0, 0, 0);\">WHY MUU ?<\/span><b aria-hidden=\"true\"><\/b><\/h3><\/div>\n<div class=\"row row-divided\"  id=\"row-832818392\">\n\n\t<div id=\"col-1316825129\" class=\"col medium-4 large-4\"  >\n\t\t\t\t<div class=\"col-inner\"  >\n\t\t\t\n\t\t\t\n\n\t\t<div class=\"icon-box featured-box icon-box-center text-center\"  style=\"margin:0px 0px 0px 0px;\">\n\t\t\t\t<div class=\"icon-box-text last-reset\">\n\t\t\t<h5 class=\"uppercase\">Bo ka\u017cda z nas chce wygl\u0105da\u0107 szczuplej !!<\/h5>\t\t\t\t\t\t\n<p><span style=\"font-weight: 400;\"><span style=\"background-color: #90e6fe;\"><strong>UNIKATOWE<\/strong><\/span> kroje stworzone przez stylistk\u0119, kt\u00f3rej brak\u0142o ubra\u0144 na rynku tak by ubiera\u0107 w spos\u00f3b idealny ( a nie prawie, lub ujdzie ) ka\u017cd\u0105, nawet najbardziej nietypow\u0105 sylwetk\u0119. Nie wa\u017cny jest rozmiar, ani wzrost MY SZYJEMY NA WYMIAR czyli idealnie dla Ciebie !<\/span><\/p>\n\t\t<\/div>\n\t<\/div>\n\t\n\t\n\t\t<\/div>\n\t\t\t\t\t<\/div>\n\n\t\n\n\t<div id=\"col-110742518\" class=\"col medium-4 large-4\"  >\n\t\t\t\t<div class=\"col-inner\"  >\n\t\t\t\n\t\t\t\n\n\t\t<div class=\"icon-box featured-box icon-box-center text-center\"  style=\"margin:0px 0px 0px 0px;\">\n\t\t\t\t<div class=\"icon-box-text last-reset\">\n\t\t\t<h5 class=\"uppercase\">KOCHASZ RZECZY DOPASOWANE IDEALNIE DO CIEBIE !?<\/h5>\t\t\t\t\t\t\n<p><span style=\"font-weight: 400;\">Po\u017cegnaj za kr\u00f3tkie nogawki, za d\u0142ugie r\u0119kawy i wieczne poprawki krawieckie nowych ciuch\u00f3w. Jako jedyna marka szyjemy w naszym sklepie on-line <strong><span style=\"background-color: #fecae4;\">NA\u00a0WYMIAR.<\/span><\/strong> Podajesz nam swoje obwody i cieszysz si\u0119 ciuszkiem w rozmiarze idealnym czyli Twoim<\/span><\/p>\n\t\t<\/div>\n\t<\/div>\n\t\n\t\n\t\t<\/div>\n\t\t\t\t\t<\/div>\n\n\t\n\n\t<div id=\"col-1617745494\" class=\"col medium-4 large-4\"  >\n\t\t\t\t<div class=\"col-inner\"  >\n\t\t\t\n\t\t\t\n\n\t\t<div class=\"icon-box featured-box icon-box-center text-center\"  style=\"margin:0px 0px 0px 0px;\">\n\t\t\t\t<div class=\"icon-box-text last-reset\">\n\t\t\t<h5 class=\"uppercase\">Bo czarny nie wyszczupla !! szok??<\/h5>\t\t\t\t\t\t\n<p><span style=\"font-weight: 400;\"><span style=\"background-color: #35ddd7;\"><strong>OBALAM MITY<\/strong><\/span> odno\u015bnie kolor\u00f3w w stylizacjach. Jako pasjonatka psychologii kolor\u00f3w ka\u017cdy print tworz\u0119 w taki spos\u00f3b, by przyci\u0105ga\u0142 do Ciebie dobrych ludzi, mi\u0142o\u015b\u0107, m\u0105dre my\u015bli i kas\u0119. Odczepi\u0105 si\u0119 te\u017c od Ciebie wredne \u201epsiapsi\u00f3\u0142y\u201d i laska z ksi\u0119gowo\u015bci oraz faceci na jeden numerek nie gotowi na zwi\u0105zek\u2026 no chyba \u017ce tego potrzebujesz, wtedy napisz do nas to co\u015b wymy\u015blimy!<\/span><\/p>\n\t\t<\/div>\n\t<\/div>\n\t\n\t\n\t\t<\/div>\n\t\t\t\t\t<\/div>\n\n\t\n<\/div>\n<div class=\"row\"  id=\"row-680226853\">\n\n\t<div id=\"col-92206253\" class=\"col medium-2 small-12 large-2\"  >\n\t\t\t\t<div class=\"col-inner\"  >\n\t\t\t\n\t\t\t\n\t\t<\/div>\n\t\t\t\t\t<\/div>\n\n\t\n\n\t<div id=\"col-2095120185\" class=\"col medium-8 small-12 large-8\"  >\n\t\t\t\t<div class=\"col-inner\"  >\n\t\t\t\n\t\t\t\n<p style=\"text-align: center;\"><strong>Ps. Przy okazji jeste\u015bmy najlepsi na rynku w obs\u0142udze Klientek\u2026 niekoniecznie w sprzeda\u017cy. Ot nie potrafimy wciska\u0107 towaru, je\u015bli b\u0119dziesz chcia\u0142a dokona\u0107 zakupu, rozpie\u015bcimy Ci\u0119 na ka\u017cdym kroku\u2026 ale je\u015bli nie masz ochoty na zakupy, po prostu przycupnij tu i rozgo\u015b\u0107 si\u0119, u nas poza ciuchami i szyciem wiele si\u0119 dzieje!<\/strong><\/p>\n\t\t<\/div>\n\t\t\t\t\t<\/div>\n\n\t\n\n\t<div id=\"col-1463347282\" class=\"col medium-2 small-12 large-2\"  >\n\t\t\t\t<div class=\"col-inner\"  >\n\t\t\t\n\t\t\t\n\t\t<\/div>\n\t\t\t\t\t<\/div>\n\n\t\n<\/div>\n<div class=\"row\"  id=\"row-1395210959\">\n\n\t<div id=\"col-1982594185\" class=\"col small-12 large-12\"  >\n\t\t\t\t<div class=\"col-inner\"  >\n\t\t\t\n\t\t\t\n<a href=\"https:\/\/www.subscribepage.com\/50zeta\" target=\"_blank\" class=\"button success is-shade is-larger box-shadow-4 box-shadow-5-hover expand\" rel=\"noopener\" style=\"border-radius:10px;\">\n\t<i class=\"icon-gift\" aria-hidden=\"true\"><\/i>\t<span>ZGARNIJ 50 Z\u0141 NA PIERWSZE ZAKUPY ! KLIKNIJ I CZEKAJ NA MAILA<\/span>\n\t<\/a>\n\n\t\t<\/div>\n\t\t\t\t\t<\/div>\n\n\t\n<\/div>\n<div class=\"container section-title-container\" style=\"margin-top:21px;\"><h3 class=\"section-title section-title-bold-center\"><b aria-hidden=\"true\"><\/b><span class=\"section-title-main\" style=\"font-size:124%;color:rgb(0, 0, 0);\">Who am I?<\/span><b aria-hidden=\"true\"><\/b><\/h3><\/div>\n<div class=\"row\"  id=\"row-952811513\">\n\n\t<div id=\"col-1375642760\" class=\"col medium-6 small-12 large-6\"  >\n\t\t\t\t<div class=\"col-inner\"  >\n\t\t\t\n\t\t\t\n\t<div class=\"img has-hover x md-x lg-x y md-y lg-y\" id=\"image_1003824441\">\n\t\t\t\t\t\t\t\t<div class=\"img-inner image-cover dark\" style=\"padding-top:100%;\">\n\t\t\t<img loading=\"lazy\" decoding=\"async\" width=\"990\" height=\"990\" src=\"https:\/\/muukreacje.pl\/wp-content\/uploads\/2023\/09\/OLGA-SLUSARCZYK-MUUKREACJE-MODA-DAMSKA-SZYTA-NA-WYMIAR.png\" class=\"attachment-original size-original\" alt=\"\" srcset=\"https:\/\/muukreacje.pl\/wp-content\/uploads\/2023\/09\/OLGA-SLUSARCZYK-MUUKREACJE-MODA-DAMSKA-SZYTA-NA-WYMIAR.png 990w, https:\/\/muukreacje.pl\/wp-content\/uploads\/2023\/09\/OLGA-SLUSARCZYK-MUUKREACJE-MODA-DAMSKA-SZYTA-NA-WYMIAR-100x100.png 100w, https:\/\/muukreacje.pl\/wp-content\/uploads\/2023\/09\/OLGA-SLUSARCZYK-MUUKREACJE-MODA-DAMSKA-SZYTA-NA-WYMIAR-500x500.png 500w, https:\/\/muukreacje.pl\/wp-content\/uploads\/2023\/09\/OLGA-SLUSARCZYK-MUUKREACJE-MODA-DAMSKA-SZYTA-NA-WYMIAR-280x280.png 280w, https:\/\/muukreacje.pl\/wp-content\/uploads\/2023\/09\/OLGA-SLUSARCZYK-MUUKREACJE-MODA-DAMSKA-SZYTA-NA-WYMIAR-400x400.png 400w, https:\/\/muukreacje.pl\/wp-content\/uploads\/2023\/09\/OLGA-SLUSARCZYK-MUUKREACJE-MODA-DAMSKA-SZYTA-NA-WYMIAR-768x768.png 768w, https:\/\/muukreacje.pl\/wp-content\/uploads\/2023\/09\/OLGA-SLUSARCZYK-MUUKREACJE-MODA-DAMSKA-SZYTA-NA-WYMIAR-800x800.png 800w, https:\/\/muukreacje.pl\/wp-content\/uploads\/2023\/09\/OLGA-SLUSARCZYK-MUUKREACJE-MODA-DAMSKA-SZYTA-NA-WYMIAR-247x247.png 247w, https:\/\/muukreacje.pl\/wp-content\/uploads\/2023\/09\/OLGA-SLUSARCZYK-MUUKREACJE-MODA-DAMSKA-SZYTA-NA-WYMIAR-510x510.png 510w\" sizes=\"auto, (max-width: 990px) 100vw, 990px\" \/>\t\t\t\t\t\t\n\t\t\t\t\t<\/div>\n\t\t\t\t\t\t\t\t\n<style>\n#image_1003824441 {\n  width: 100%;\n}\n<\/style>\n\t<\/div>\n\t\n\t\t<\/div>\n\t\t\t\t\t<\/div>\n\n\t\n\n\t<div id=\"col-41702737\" class=\"col medium-6 small-12 large-6\"  >\n\t\t\t\t<div class=\"col-inner\"  >\n\t\t\t\n\t\t\t\n<p>Cze\u015b\u0107. Nazywam si\u0119 Olga \u015alusarczyk.<br \/>\nUdowodni\u0119 Ci, \u017ce <span style=\"background-color: #90e6fe;\"><strong><span class=\"blue-bold\">JESTE\u015a PI\u0118KNA !<\/span><\/strong><\/span>, warto\u015bciowa i cudowna.<br \/>\nI nie ma znaczenia w jakim miejscu na ziemi teraz jeste\u015b i jaki masz rozmiar, wiek, wag\u0119 czy status spo\u0142eczny!<br \/>\nMo\u017cesz wszystko!<br \/>\nPrzekonaj si\u0119 sama.<br \/>\nNazywaj\u0105 mnie <span class=\"pink-bold\" style=\"background-color: #fecae4;\">MATKA BOSKA MUU KREATORSKA.<\/span>, co mnie ogromnie uszcz\u0119\u015bliwia. Opr\u00f3cz kilkunastu codziennych matczyno-\u017conowych zawod\u00f3w, przede wszystkim <strong><span style=\"background-color: #35ddd7;\"><span class=\"blue-bold\">LECZ\u0118 KOBIECE UUMYS\u0141Y Z POSRANYCH MY\u015aLI<\/span>.<\/span><\/strong><br \/>\nOd wielu lat pracuj\u0119 jako <span class=\"green-bold\">PROJEKTANTKA MODY DAMSKIEJ<\/span> oraz kontrowersyjna stylistka, ostatnio spe\u0142niam si\u0119 r\u00f3wnie\u017c jako szeptUUnka XXII wieku uzdrawiaj\u0105c Wasze biznesy, relacje, emocje w <span style=\"text-decoration: underline; background-color: #fecae4;\"><a style=\"background-color: #fecae4;\" href=\"http:\/\/WWW.ZUUBYOLGA.PL\"><strong><span style=\"background-color: #90e6fe;\">Zajebistym Uniwersytecie UMYS\u0141\u00d3W!<\/span><\/strong><\/a><\/span><br \/>\nLubi\u0119 by\u0107 wiecznie w biegu i spe\u0142nia\u0107 si\u0119 ka\u017cdego dnia, lubi\u0119 by\u0107 mam\u0105 i nieidealn\u0105 \u017con\u0105.<br \/>\n<span style=\"background-color: #90e6fe;\"><strong>KOCHAM WSP\u00d3\u0141PRACOWA\u0106<\/strong> <\/span>z moim najbardziej kolorowym zespo\u0142em cudownych ludzi, z najwi\u0119kszymi kreatywnymi serduchami na \u015bwiecie w najmniejszej miejscowo\u015bci na \u015al\u0105sku.<br \/>\nDawno temu przelecia\u0142a mi przed nosem \u201c40-tka\u201d i nigdy nie czu\u0142am si\u0119 bardziej \u201d na miejscu \u201d <span class=\"pink-bold\"><span style=\"background-color: #fecae4;\"><strong>NI\u017b TERAZ<\/strong><\/span>!<\/span><\/p>\n\t\t<\/div>\n\t\t\t\t\t<\/div>\n\n\t\n<\/div>\n<div class=\"text-center\"><div class=\"is-divider divider clearfix\" style=\"max-width:700px;height:2px;\"><\/div><\/div>\n<div class=\"container section-title-container\" style=\"margin-top:21px;\"><h3 class=\"section-title section-title-bold-center\"><b aria-hidden=\"true\"><\/b><span class=\"section-title-main\" style=\"font-size:124%;color:rgb(0, 0, 0);\">Other Awesomeness<\/span><b aria-hidden=\"true\"><\/b><\/h3><\/div>\n\t\n  \n    <div class=\"row large-columns-4 medium-columns-3 small-columns-2 row-small has-shadow row-box-shadow-2 row-box-shadow-2-hover\" >\n  \n\t     <div class=\"product-small col has-hover product type-product post-34495 status-publish first instock product_cat-dodatki product_cat-poradniki product_cat-inne-zajebistosci product_tag-coach product_tag-e-book product_tag-kobieta product_tag-leki product_tag-motywacja product_tag-poradnik product_tag-samopoczucie product_tag-sekrety product_tag-strach product_tag-techniki product_tag-zmiana has-post-thumbnail featured downloadable virtual purchasable product-type-simple\">\n\t<div class=\"col-inner\">\n\t\t\n<div class=\"badge-container absolute left top z-1\">\n\n<\/div>\n\t\t<div class=\"product-small box box-vertical\">\n\t\t\t<div class=\"box-image\">\n\t\t\t\t\t\t\t\t<div class=\"image-fade_in_back\">\n\t\t\t\t\t<a href=\"https:\/\/muukreacje.pl\/en\/sklep\/poradniki\/e-book-zbuuduj-swoj-swiat-kolorami\/\" aria-label=\"e-book &quot; zbUUduj sw\u00f3j \u015bwiat kolorami&quot;\">\n\t\t\t\t\t\t<img loading=\"lazy\" decoding=\"async\" width=\"300\" height=\"375\" src=\"https:\/\/muukreacje.pl\/wp-content\/uploads\/2025\/07\/2-300x375.png\" class=\"attachment-woocommerce_thumbnail size-woocommerce_thumbnail\" alt=\"e-book &quot; zbUUduj sw\u00f3j \u015bwiat kolorami&quot;\" srcset=\"https:\/\/muukreacje.pl\/wp-content\/uploads\/2025\/07\/2-300x375.png 300w, https:\/\/muukreacje.pl\/wp-content\/uploads\/2025\/07\/2-320x400.png 320w, https:\/\/muukreacje.pl\/wp-content\/uploads\/2025\/07\/2-640x800.png 640w, https:\/\/muukreacje.pl\/wp-content\/uploads\/2025\/07\/2-768x960.png 768w, https:\/\/muukreacje.pl\/wp-content\/uploads\/2025\/07\/2.png 1080w\" sizes=\"auto, (max-width: 300px) 100vw, 300px\" \/>\t\t\t\t\t<\/a>\n\t\t\t\t<\/div>\n\t\t\t\t<div class=\"image-tools is-small top right show-on-hover\">\n\t\t\t\t\t\t\t\t\t<\/div>\n\t\t\t\t<div class=\"image-tools is-small hide-for-small bottom left show-on-hover\">\n\t\t\t\t\t\t\t\t\t<\/div>\n\t\t\t\t<div class=\"image-tools grid-tools text-center hide-for-small bottom hover-slide-in show-on-hover\">\n\t\t\t\t\t\t\t\t\t<\/div>\n\t\t\t\t\t\t\t<\/div>\n\n\t\t\t<div class=\"box-text box-text-products text-center grid-style-2\">\n\t\t\t\t<div class=\"star-rating\" role=\"img\" aria-label=\"Rated 5.00 out of 5\"><span style=\"width:100%\">Rated <strong class=\"rating\">5.00<\/strong> out of 5<\/span><\/div><div class=\"tinv-wraper woocommerce tinv-wishlist tinvwl-shortcode-add-to-cart tinvwl-loop-button-wrapper tinvwl-the_content\"\r\n\t data-tinvwl_product_id=\"34495\">\r\n\t<a role=\"button\" tabindex=\"0\" name=\"add-to-wishlist\" aria-label=\"Add to Wishlist\" class=\"tinvwl_add_to_wishlist_button tinvwl-icon-heart icon-black no-txt  tinvwl-position-shortcode ftinvwl-animated tinvwl-loop\" data-tinv-wl-list=\"[]\" data-tinv-wl-product=\"34495\" data-tinv-wl-productvariation=\"0\" data-tinv-wl-productvariations=\"[]\" data-tinv-wl-producttype=\"simple\" data-tinv-wl-action=\"add\"><\/a>\t\t<div\r\n\t\tclass=\"tinvwl-tooltip\">Add to Wishlist<\/div>\r\n<\/div>\r\n<div class=\"title-wrapper\"><p class=\"name product-title woocommerce-loop-product__title\"><a href=\"https:\/\/muukreacje.pl\/en\/sklep\/poradniki\/e-book-zbuuduj-swoj-swiat-kolorami\/\" class=\"woocommerce-LoopProduct-link woocommerce-loop-product__link\">e-book &#8221; zbUUduj sw\u00f3j \u015bwiat kolorami&#8221;<\/a><\/p><\/div><div class=\"price-wrapper\">\n    <span class=\"price\">\n        from <span class=\"woocommerce-Price-amount amount\"><bdi>98,88&nbsp;<span class=\"woocommerce-Price-currencySymbol\">&#122;&#322;<\/span><\/bdi><\/span>    <\/span>\n<\/div><div class=\"add-to-cart-button\"><a href=\"\/en\/wp-json\/wp\/v2\/pages\/78190?add-to-cart=34495\" aria-describedby=\"woocommerce_loop_add_to_cart_link_describedby_34495\" data-quantity=\"1\" class=\"primary is-small mb-0 button product_type_simple add_to_cart_button ajax_add_to_cart is-shade\" data-product_id=\"34495\" data-product_sku=\"\" aria-label=\"Add to cart: &ldquo;e-book &quot; zbUUduj sw\u00f3j \u015bwiat kolorami&quot;&rdquo;\" rel=\"nofollow\" data-success_message=\"&ldquo;e-book &quot; zbUUduj sw\u00f3j \u015bwiat kolorami&quot;&rdquo; has been added to your cart\">Add to cart<\/a><\/div>\t<span id=\"woocommerce_loop_add_to_cart_link_describedby_34495\" class=\"screen-reader-text\">\n\t\t\t<\/span>\n\t\t\t<\/div>\n\t\t<\/div>\n\t\t\t<\/div>\n<\/div><\/div>\n","protected":false},"excerpt":{"rendered":"","protected":false},"author":0,"featured_media":90054,"parent":0,"menu_order":0,"comment_status":"closed","ping_status":"closed","template":"page-blank-title-center.php","meta":{"_acf_changed":false,"footnotes":""},"class_list":["post-78190","page","type-page","status-publish","has-post-thumbnail","hentry"],"acf":[],"yoast_head":"<!-- This site is optimized with the Yoast SEO plugin v27.0 - https:\/\/yoast.com\/product\/yoast-seo-wordpress\/ -->\n<title>MuuKreacje moda damska szyta na wymiar<\/title>\n<meta name=\"description\" content=\"Moda damska szyte w rozmiarze idealnym czyli TWOIM, tworzona z autorskich print\u00f3w za\u0142o\u017cona przez stylistk\u0119 i projektantk\u0119 Olg\u0119 \u015alusarczyk.\" \/>\n<meta name=\"robots\" content=\"index, follow, max-snippet:-1, max-image-preview:large, max-video-preview:-1\" \/>\n<link rel=\"canonical\" href=\"https:\/\/muukreacje.pl\/en\/\" \/>\n<meta property=\"og:locale\" content=\"en_US\" \/>\n<meta property=\"og:type\" content=\"article\" \/>\n<meta property=\"og:title\" content=\"MuuKreacje moda damska szyta na wymiar\" \/>\n<meta property=\"og:description\" content=\"Moda damska szyte w rozmiarze idealnym czyli TWOIM, tworzona z autorskich print\u00f3w za\u0142o\u017cona przez stylistk\u0119 i projektantk\u0119 Olg\u0119 \u015alusarczyk.\" \/>\n<meta property=\"og:url\" content=\"https:\/\/muukreacje.pl\/en\/\" \/>\n<meta property=\"og:site_name\" content=\"MUUkreacje moda damska, odzie\u017c szyta na wymiar z kolorowych autorskich print\u00f3w\" \/>\n<meta property=\"article:publisher\" content=\"https:\/\/www.facebook.com\/muukreacje\" \/>\n<meta property=\"article:modified_time\" content=\"2024-05-23T05:34:01+00:00\" \/>\n<meta property=\"og:image\" content=\"https:\/\/muukreacje.pl\/wp-content\/uploads\/2023\/09\/OLGA-SLUSARCZYK-MUUKREACJE-MODA-DAMSKA-SZYTA-NA-WYMIAR.png\" \/>\n\t<meta property=\"og:image:width\" content=\"990\" \/>\n\t<meta property=\"og:image:height\" content=\"990\" \/>\n\t<meta property=\"og:image:type\" content=\"image\/png\" \/>\n<meta name=\"twitter:label1\" content=\"Est. reading time\" \/>\n\t<meta name=\"twitter:data1\" content=\"4 minutes\" \/>\n<!-- \/ Yoast SEO plugin. -->","yoast_head_json":{"title":"MuuKreacje moda damska szyta na wymiar","description":"Moda damska szyte w rozmiarze idealnym czyli TWOIM, tworzona z autorskich print\u00f3w za\u0142o\u017cona przez stylistk\u0119 i projektantk\u0119 Olg\u0119 \u015alusarczyk.","robots":{"index":"index","follow":"follow","max-snippet":"max-snippet:-1","max-image-preview":"max-image-preview:large","max-video-preview":"max-video-preview:-1"},"canonical":"https:\/\/muukreacje.pl\/en\/","og_locale":"en_US","og_type":"article","og_title":"MuuKreacje moda damska szyta na wymiar","og_description":"Moda damska szyte w rozmiarze idealnym czyli TWOIM, tworzona z autorskich print\u00f3w za\u0142o\u017cona przez stylistk\u0119 i projektantk\u0119 Olg\u0119 \u015alusarczyk.","og_url":"https:\/\/muukreacje.pl\/en\/","og_site_name":"MUUkreacje moda damska, odzie\u017c szyta na wymiar z kolorowych autorskich print\u00f3w","article_publisher":"https:\/\/www.facebook.com\/muukreacje","article_modified_time":"2024-05-23T05:34:01+00:00","og_image":[{"width":990,"height":990,"url":"https:\/\/muukreacje.pl\/wp-content\/uploads\/2023\/09\/OLGA-SLUSARCZYK-MUUKREACJE-MODA-DAMSKA-SZYTA-NA-WYMIAR.png","type":"image\/png"}],"twitter_misc":{"Est. reading time":"4 minutes"},"schema":{"@context":"https:\/\/schema.org","@graph":[{"@type":"WebPage","@id":"https:\/\/muukreacje.pl\/en\/","url":"https:\/\/muukreacje.pl\/en\/","name":"MuuKreacje moda damska szyta na wymiar","isPartOf":{"@id":"https:\/\/muukreacje.pl\/#website"},"primaryImageOfPage":{"@id":"https:\/\/muukreacje.pl\/en\/#primaryimage"},"image":{"@id":"https:\/\/muukreacje.pl\/en\/#primaryimage"},"thumbnailUrl":"https:\/\/muukreacje.pl\/wp-content\/uploads\/2024\/10\/Kopia-tlo-fb-mockup-e1729267182154.png","datePublished":"2020-09-30T18:23:03+00:00","dateModified":"2024-05-23T05:34:01+00:00","description":"Moda damska szyte w rozmiarze idealnym czyli TWOIM, tworzona z autorskich print\u00f3w za\u0142o\u017cona przez stylistk\u0119 i projektantk\u0119 Olg\u0119 \u015alusarczyk.","breadcrumb":{"@id":"https:\/\/muukreacje.pl\/en\/#breadcrumb"},"inLanguage":"en-US","potentialAction":[{"@type":"ReadAction","target":["https:\/\/muukreacje.pl\/en\/"]}]},{"@type":"ImageObject","inLanguage":"en-US","@id":"https:\/\/muukreacje.pl\/en\/#primaryimage","url":"https:\/\/muukreacje.pl\/wp-content\/uploads\/2024\/10\/Kopia-tlo-fb-mockup-e1729267182154.png","contentUrl":"https:\/\/muukreacje.pl\/wp-content\/uploads\/2024\/10\/Kopia-tlo-fb-mockup-e1729267182154.png","width":815,"height":498},{"@type":"BreadcrumbList","@id":"https:\/\/muukreacje.pl\/en\/#breadcrumb","itemListElement":[{"@type":"ListItem","position":1,"name":"Strona g\u0142\u00f3wna","item":"https:\/\/muukreacje.pl\/en\/"},{"@type":"ListItem","position":2,"name":"MUUcreations women&#8217;s fashion tailor made from original prints"}]},{"@type":"WebSite","@id":"https:\/\/muukreacje.pl\/#website","url":"https:\/\/muukreacje.pl\/","name":"MUUkreacje moda damska szyta na wymiar z autorskich print\u00f3w","description":"SZYJEMY DLA WYSOKICH, NISKICH, PLUS SIZE I PETITE CZYLI DLA KA\u017bDEJ Z WAS! DLA CIEBIE TE\u017b! ","publisher":{"@id":"https:\/\/muukreacje.pl\/#organization"},"potentialAction":[{"@type":"SearchAction","target":{"@type":"EntryPoint","urlTemplate":"https:\/\/muukreacje.pl\/?s={search_term_string}"},"query-input":{"@type":"PropertyValueSpecification","valueRequired":true,"valueName":"search_term_string"}}],"inLanguage":"en-US"},{"@type":"Organization","@id":"https:\/\/muukreacje.pl\/#organization","name":"MuuKreacje.pl","url":"https:\/\/muukreacje.pl\/","logo":{"@type":"ImageObject","inLanguage":"en-US","@id":"https:\/\/muukreacje.pl\/#\/schema\/logo\/image\/","url":"https:\/\/muukreacje.pl\/wp-content\/uploads\/2020\/09\/MuuKreacje-logo-opt-woo2.png","contentUrl":"https:\/\/muukreacje.pl\/wp-content\/uploads\/2020\/09\/MuuKreacje-logo-opt-woo2.png","width":220,"height":145,"caption":"MuuKreacje.pl"},"image":{"@id":"https:\/\/muukreacje.pl\/#\/schema\/logo\/image\/"},"sameAs":["https:\/\/www.facebook.com\/muukreacje","https:\/\/www.instagram.com\/muukreacje"]}]}},"_links":{"self":[{"href":"https:\/\/muukreacje.pl\/en\/wp-json\/wp\/v2\/pages\/78190","targetHints":{"allow":["GET"]}}],"collection":[{"href":"https:\/\/muukreacje.pl\/en\/wp-json\/wp\/v2\/pages"}],"about":[{"href":"https:\/\/muukreacje.pl\/en\/wp-json\/wp\/v2\/types\/page"}],"replies":[{"embeddable":true,"href":"https:\/\/muukreacje.pl\/en\/wp-json\/wp\/v2\/comments?post=78190"}],"version-history":[{"count":8,"href":"https:\/\/muukreacje.pl\/en\/wp-json\/wp\/v2\/pages\/78190\/revisions"}],"predecessor-version":[{"id":84091,"href":"https:\/\/muukreacje.pl\/en\/wp-json\/wp\/v2\/pages\/78190\/revisions\/84091"}],"wp:featuredmedia":[{"embeddable":true,"href":"https:\/\/muukreacje.pl\/en\/wp-json\/wp\/v2\/media\/90054"}],"wp:attachment":[{"href":"https:\/\/muukreacje.pl\/en\/wp-json\/wp\/v2\/media?parent=78190"}],"curies":[{"name":"wp","href":"https:\/\/api.w.org\/{rel}","templated":true}]}}