
{"id":78295,"date":"2019-07-22T15:35:55","date_gmt":"2019-07-22T13:35:55","guid":{"rendered":"https:\/\/muukreacje.pl\/polityka-prywatnosci\/"},"modified":"2023-12-01T12:02:25","modified_gmt":"2023-12-01T11:02:25","slug":"privacy-policy","status":"publish","type":"page","link":"https:\/\/muukreacje.pl\/en\/privacy-policy\/","title":{"rendered":"Privacy Policy"},"content":{"rendered":"<div class=\"lh166\">\n<div class=\"vc_row wpb_row vc_row-fluid\">\n<div class=\"wpb_column vc_column_container vc_col-sm-12\">\n<div class=\"vc_column-inner\">\n<div class=\"wpb_wrapper\">\n<div class=\"vc_message_box vc_message_box-standard vc_message_box-rounded vc_color-vista_blue\">\n<header class=\"entry-header\">\n<h1 class=\"entry-title\">Polityka Prywatno\u015bci<\/h1>\n<\/header>\n<div class=\"entry-content\">\n<p>www.muukreacje.pl<\/p>\n<p>Z ogromn\u0105 ufno\u015bci\u0105 wierzymy, \u017ce zakupy w naszym sklepie b\u0119d\u0105 dla Ciebie mi\u0142ym do\u015bwiadczeniem. Poni\u017cej przedstawiamy Ci informacje na temat przetwarzania danych osobowych praz plikach Cookies. Informacje te zosta\u0142y przygotowane zgodnie z RODO, czyli rozporz\u0105dzenia o ochronie danych osobowych.<\/p>\n<p><strong>ADMINISTRATOR DANYCH OSOBOWYCH<\/strong><\/p>\n<p>Administratorem danych jest MUUKREACJE.PL Kacper \u015alusarczyk , dost\u0119pny pod adresem internetowym www.muukreacje.pl, prowadzony jest przez MUUkreacje.pl Kacper \u015alusarczyk 43-211 Piasek ul. Katowicka 88 NIP 646 297 69 68 REGON 383322712<\/p>\n<p><strong>DANE OSOBOWE I PRYWATNO\u015a\u0106<\/strong><\/p>\n<p>Szanujemy prawo do prywatno\u015bci i dbamy o bezpiecze\u0144stwo danych. W tym celu u\u017cywany jest m.in. bezpieczny protok\u00f3\u0142 szyfrowania komunikacji (SSL), oraz polityka prywatno\u015bci COOKIES.<br \/>\nDane osobowe podawane w formularzu, s\u0105 traktowane jako poufne i nie s\u0105 widoczne dla os\u00f3b nieuprawnionych.<\/p>\n<p><b>ADMINISTRATOR DANYCH<\/b><\/p>\n<p>Us\u0142ugodawca jest administratorem danych swoich klient\u00f3w. Oznacza to, \u017ce je\u017celi z\u0142o\u017cy\u0142e\u015b zam\u00f3wienie w naszym sklepie, to przetwarzamy Twoje dane osobowe takie jak:<\/p>\n<p>imi\u0119, nazwisko, adres e-mail, numer telefonu, adres zamieszkania w celu realizacji zam\u00f3wienia.<\/p>\n<p>Dane osobowe przetwarzane s\u0105 w celu:<\/p>\n<p>a. \u015bwiadczenia us\u0142ug, oferowanych w naszym sklepie<br \/>\nb. realizacji zam\u00f3wie\u0144<br \/>\nc. marketingiem naszych us\u0142ug<\/p>\n<p>Dane osobowe przetwarzane s\u0105:<\/p>\n<p>a. zgodnie z przepisami dotycz\u0105cymi ochrony danych osobowych<br \/>\nb. zgodnie z wdro\u017con\u0105 Polityk\u0105 Prywatno\u015bci,<br \/>\nc. w zakresie i celu niezb\u0119dnym do nawi\u0105zania, ukszta\u0142towania tre\u015bci umowy, zmiany b\u0105d\u017a jej rozwi\u0105zania oraz prawid\u0142owej realizacji Us\u0142ug \u015bwiadczonych drog\u0105 elektroniczn\u0105,<br \/>\nd. w zakresie i celu niezb\u0119dnym do wype\u0142nienia uzasadnionych interes\u00f3w (prawnie usprawiedliwionych cel\u00f3w), a przetwarzanie nie narusza praw i wolno\u015bci osoby, kt\u00f3rej dane dotycz\u0105:<br \/>\nw zakresie i celu zgodnym ze zgod\u0105 wyra\u017con\u0105 przez Ciebie je\u015bli, z\u0142o\u017cy\u0142e\u015b u nas swoje zam\u00f3wienie.<\/p>\n<p>Podanie danych jest dobrowolne i w niekt\u00f3rych przypadkach konieczne do zawarcia umowy.<\/p>\n<p>dost\u0119pu do danych, sprostowania, usuni\u0119cia lub ograniczenia przetwarzania, prawo sprzeciwu, prawo wniesienia skargi do organu nadzorczego.<\/p>\n<p><strong>MASZ PRAWO DO:<\/strong><\/p>\n<p>a. wycofania swojej zgody w ka\u017cdym mo\u017cliwym czasie<br \/>\nb. dost\u0119pu do danych<br \/>\nc. sprostowania<br \/>\nd. usuni\u0119cia<br \/>\ne. ograniczenia przetwarzania<br \/>\nf. prawo sprzeciwu<br \/>\ng. prawo wniesienia skargi do organu nadzorczego<\/p>\n<p>Kontakt z osob\u0105 nadzoruj\u0105c\u0105 przetwarzanie danych osobowych w sklepie MUUkreacje.pl, jest mo\u017cliwy drog\u0105 elektroniczn\u0105 pod adresem e-mail: biuro@muukreacje.pl<\/p>\n<p>Usuni\u0119cie danych osobowych mo\u017ce nast\u0105pi\u0107 na skutek cofni\u0119cia zgody b\u0105d\u017a wniesienia prawnie dopuszczalnego sprzeciwu na przetwarzanie danych osobowych.<\/p>\n<p>Us\u0142ugodawca nie udost\u0119pnia danych osobowych innym podmiotom ani\u017celi upowa\u017cnionym na podstawie w\u0142a\u015bciwych przepis\u00f3w prawa.<\/p>\n<p>Wdro\u017cyli\u015bmy szyfrowanie danych, posiadamy r\u00f3wnie\u017c zamykane pomieszczenie na dokumenty oraz mamy wprowadzon\u0105 kontrol\u0119 dost\u0119pu dzi\u0119ki czemu minimalizujemy skutki ewentualnego naruszenia bezpiecze\u0144stwa danych.<\/p>\n<p>Dane osobowe przetwarza wy\u0142\u0105cznie administrator naszej strony oraz podmioty realizuj\u0105ce zam\u00f3wienie.<br \/>\nRealizuj\u0105c zam\u00f3wienie w naszym sklepie wyra\u017casz zgod\u0119 na przetwarzanie swoich danych.<\/p>\n<p>Zgadzam si\u0119 na przetwarzanie moich danych osobowych przez MUUKREACJE.PL Kacper \u015alusarczyk, dost\u0119pny pod adresem internetowym www.muukreacje.pl, prowadzony jest przez MUUkreacje.pl Kacper \u015alusarczyk\u00a0 43-211 Piasek ul. Katowicka 88 NIP 646 297 69 68 REGON 383322712 w celu realizacji mojego zam\u00f3wienia.<br \/>\nPodanie danych jest dobrowolne. Podstaw\u0105 przetwarzania danych jest moja zgoda. Odbiorcami danych mog\u0105 by\u0107 podmioty zajmuj\u0105ce si\u0119 obs\u0142ug\u0105 informatyczn\u0105 administratora danych, jak i administrator. Mam prawo wycofania zgody w dowolnym momencie. Dane osobowe b\u0119d\u0105 przetwarzane do ewentualnego odwo\u0142ania zgody, a po takim odwo\u0142aniu przez okres przedawnienia roszcze\u0144 przys\u0142uguj\u0105cych administratorowi danych i w stosunku do niego.<br \/>\nMam prawo \u017c\u0105dania od administratora dost\u0119pu do moich danych osobowych, ich sprostowania, usuni\u0119cia lub ograniczenia przetwarzania a tak\u017ce prawo wniesienia skargi do organu<br \/>\nnadzorczego.<\/p>\n<p><strong>CIASTECZKA<\/strong><\/p>\n<p>Nasz Sklep, jak wi\u0119kszo\u015b\u0107 witryn internetowych, korzysta z tzw. plik\u00f3w cookies (ciasteczek).<\/p>\n<p>Pliki te:<\/p>\n<p>s\u0105 zapisywane w pami\u0119ci Twojego urz\u0105dzenia (komputera, telefonu, itd.)<br \/>\numo\u017cliwiaj\u0105 Ci, m.in., korzystanie ze wszystkich funkcji Sklepu<br \/>\nnie powoduj\u0105 zmian w ustawieniach Twojego urz\u0105dzenia<\/p>\n<p>Korzystaj\u0105c z odpowiednich ustawie\u0144 Twojej przegl\u0105darki, w ka\u017cdej chwili mo\u017cesz:<\/p>\n<p>usun\u0105\u0107 pliki cookies<br \/>\nblokowa\u0107 wykorzystanie plik\u00f3w cookies w przysz\u0142o\u015bci<\/p>\n<p>Je\u015bli zostawisz na naszej witrynie komentarz, b\u0119dziesz m\u00f3g\u0142 wybra\u0107 opcj\u0119 zapisu twojej nazwy, adresu email i adresu strony internetowej w ciasteczkach, dzi\u0119ki kt\u00f3rym podczas pisania kolejnych komentarzy powy\u017csze informacje b\u0119d\u0105 ju\u017c dogodnie uzupe\u0142nione. Te ciasteczka wygasaj\u0105 po roku.<\/p>\n<p>Je\u015bli masz konto i zalogujesz si\u0119 na tej witrynie, utworzymy tymczasowe ciasteczko na potrzeby sprawdzenia czy twoja przegl\u0105darka akceptuje ciasteczka. To ciasteczko nie zawiera \u017cadnych danych osobistych i zostanie wyrzucone kiedy zamkniesz przegl\u0105dark\u0119.<\/p>\n<p>Podczas logowania tworzymy dodatkowo kilka ciasteczek potrzebnych do zapisu twoich informacji logowania oraz wybranych opcji ekranu. Ciasteczka logowania wygasaj\u0105 po dw\u00f3ch dniach, a opcji ekranu po roku. Je\u015bli zaznaczysz opcj\u0119 \u201ePami\u0119taj mnie\u201d, logowanie wyga\u015bnie po dw\u00f3ch tygodniach. Je\u015bli wylogujesz si\u0119 ze swojego konta, ciasteczka logowania zostan\u0105 usuni\u0119te.<\/p>\n<p>Je\u015bli zmodyfikujesz albo opublikujesz artyku\u0142, w twojej przegl\u0105darce zostanie zapisane dodatkowe ciasteczko. To ciasteczko nie zawiera \u017cadnych danych osobistych, wskazuj\u0105c po prostu na identyfikator przed chwil\u0105 edytowanego artyku\u0142u. Wygasa ono po 1 dniu.<\/p>\n<p><strong>Do czego nasz sklep u\u017cywa ciasteczek?<\/strong><\/p>\n<p>do zapami\u0119tywania informacji o Twojej sesji<br \/>\nw celu statystycznym<br \/>\nw celu marketingowym<br \/>\nw celu udost\u0119pniania funkcji Sklepu<\/p>\n<p><strong>Komentarze<\/strong><\/p>\n<p>Kiedy odwiedzaj\u0105cy witryn\u0119 zostawia komentarz, zbieramy dane widoczne w formularzu komentowania, jak i adres IP odwiedzaj\u0105cego oraz podpis jego przegl\u0105darki jako pomoc przy wykrywaniu spamu.<\/p>\n<p><strong>Formularz kontaktowy na stronie www.muukreacje.pl w zak\u0142adce kontakt<\/strong><\/p>\n<p>Informacje przes\u0142ane za ich po\u015brednictwem s\u0105 przez nas przechowywane na potrzeby obs\u0142ugi klienta przez nieokre\u015blony czas. Nie wykorzystujemy uzyskanych tak informacji w celach marketingowych.<\/p>\n<p><strong>US\u0141UGI ZEWN\u0118TRZNE \/ ODBIORCY DANYCH<\/strong><\/p>\n<p>Korzystamy z us\u0142ug podmiot\u00f3w zewn\u0119trznych, kt\u00f3rym mog\u0105 by\u0107 przekazywane Twoje dane. W celu realizacji Twojego zam\u00f3wienie niezb\u0119dne jest przekazanie Twoich danych osobowych do:<\/p>\n<p>dostawcy oprogramowania potrzebnego do prowadzenia witryny internetowej<br \/>\npodmiotu realizuj\u0105cy dostaw\u0119 towar\u00f3w<br \/>\ndostawcy p\u0142atno\u015bci<br \/>\nodpowiednich organ\u00f3w publicznych w zakresie, w jakim Administrator jest zobowi\u0105zany do udost\u0119pnienia im danych<\/p>\n<p>&nbsp;<\/p>\n<p>Je\u017celi chcesz si\u0119 z nami skontaktowa\u0107 odno\u015bnie Twoich danych osobowych napisz na:<\/p>\n<p>biuro@muukreacje.pl<\/p>\n<\/div>\n<\/div>\n<\/div>\n<\/div>\n<\/div>\n<\/div>\n<\/div>\n","protected":false},"excerpt":{"rendered":"<p>Polityka Prywatno\u015bci www.muukreacje.pl Z ogromn\u0105 ufno\u015bci\u0105 wierzymy, \u017ce zakupy w naszym sklepie b\u0119d\u0105 dla Ciebie mi\u0142ym do\u015bwiadczeniem. Poni\u017cej przedstawiamy Ci informacje na temat przetwarzania danych osobowych praz plikach Cookies. Informacje te zosta\u0142y przygotowane zgodnie z RODO, czyli rozporz\u0105dzenia o ochronie danych osobowych. ADMINISTRATOR DANYCH OSOBOWYCH Administratorem danych jest MUUKREACJE.PL Kacper \u015alusarczyk , dost\u0119pny pod adresem [&#8230;]\n","protected":false},"author":2,"featured_media":0,"parent":0,"menu_order":0,"comment_status":"closed","ping_status":"closed","template":"","meta":{"_acf_changed":false,"footnotes":""},"class_list":["post-78295","page","type-page","status-publish","hentry"],"acf":[],"yoast_head":"<!-- This site is optimized with the Yoast SEO plugin v27.0 - https:\/\/yoast.com\/product\/yoast-seo-wordpress\/ -->\n<title>Privacy Policy - MUUkreacje moda damska, odzie\u017c szyta na wymiar z kolorowych autorskich print\u00f3w<\/title>\n<meta name=\"robots\" content=\"index, follow, max-snippet:-1, max-image-preview:large, max-video-preview:-1\" \/>\n<link rel=\"canonical\" href=\"https:\/\/muukreacje.pl\/privacy-policy\/\" \/>\n<meta property=\"og:locale\" content=\"en_US\" \/>\n<meta property=\"og:type\" content=\"article\" \/>\n<meta property=\"og:title\" content=\"Privacy Policy - MUUkreacje moda damska, odzie\u017c szyta na wymiar z kolorowych autorskich print\u00f3w\" \/>\n<meta property=\"og:description\" content=\"Polityka Prywatno\u015bci www.muukreacje.pl Z ogromn\u0105 ufno\u015bci\u0105 wierzymy, \u017ce zakupy w naszym sklepie b\u0119d\u0105 dla Ciebie mi\u0142ym do\u015bwiadczeniem. Poni\u017cej przedstawiamy Ci informacje na temat przetwarzania danych osobowych praz plikach Cookies. Informacje te zosta\u0142y przygotowane zgodnie z RODO, czyli rozporz\u0105dzenia o ochronie danych osobowych. ADMINISTRATOR DANYCH OSOBOWYCH Administratorem danych jest MUUKREACJE.PL Kacper \u015alusarczyk , dost\u0119pny pod adresem [...]\" \/>\n<meta property=\"og:url\" content=\"https:\/\/muukreacje.pl\/privacy-policy\/\" \/>\n<meta property=\"og:site_name\" content=\"MUUkreacje moda damska, odzie\u017c szyta na wymiar z kolorowych autorskich print\u00f3w\" \/>\n<meta property=\"article:publisher\" content=\"https:\/\/www.facebook.com\/muukreacje\" \/>\n<meta property=\"article:modified_time\" content=\"2023-12-01T11:02:25+00:00\" \/>\n<meta name=\"twitter:label1\" content=\"Est. reading time\" \/>\n\t<meta name=\"twitter:data1\" content=\"6 minutes\" \/>\n<!-- \/ Yoast SEO plugin. -->","yoast_head_json":{"title":"Privacy Policy - MUUkreacje moda damska, odzie\u017c szyta na wymiar z kolorowych autorskich print\u00f3w","robots":{"index":"index","follow":"follow","max-snippet":"max-snippet:-1","max-image-preview":"max-image-preview:large","max-video-preview":"max-video-preview:-1"},"canonical":"https:\/\/muukreacje.pl\/privacy-policy\/","og_locale":"en_US","og_type":"article","og_title":"Privacy Policy - MUUkreacje moda damska, odzie\u017c szyta na wymiar z kolorowych autorskich print\u00f3w","og_description":"Polityka Prywatno\u015bci www.muukreacje.pl Z ogromn\u0105 ufno\u015bci\u0105 wierzymy, \u017ce zakupy w naszym sklepie b\u0119d\u0105 dla Ciebie mi\u0142ym do\u015bwiadczeniem. Poni\u017cej przedstawiamy Ci informacje na temat przetwarzania danych osobowych praz plikach Cookies. Informacje te zosta\u0142y przygotowane zgodnie z RODO, czyli rozporz\u0105dzenia o ochronie danych osobowych. ADMINISTRATOR DANYCH OSOBOWYCH Administratorem danych jest MUUKREACJE.PL Kacper \u015alusarczyk , dost\u0119pny pod adresem [...]","og_url":"https:\/\/muukreacje.pl\/privacy-policy\/","og_site_name":"MUUkreacje moda damska, odzie\u017c szyta na wymiar z kolorowych autorskich print\u00f3w","article_publisher":"https:\/\/www.facebook.com\/muukreacje","article_modified_time":"2023-12-01T11:02:25+00:00","twitter_misc":{"Est. reading time":"6 minutes"},"schema":{"@context":"https:\/\/schema.org","@graph":[{"@type":"WebPage","@id":"https:\/\/muukreacje.pl\/privacy-policy\/","url":"https:\/\/muukreacje.pl\/privacy-policy\/","name":"Privacy Policy - MUUkreacje moda damska, odzie\u017c szyta na wymiar z kolorowych autorskich print\u00f3w","isPartOf":{"@id":"https:\/\/muukreacje.pl\/#website"},"datePublished":"2019-07-22T13:35:55+00:00","dateModified":"2023-12-01T11:02:25+00:00","breadcrumb":{"@id":"https:\/\/muukreacje.pl\/privacy-policy\/#breadcrumb"},"inLanguage":"en-US","potentialAction":[{"@type":"ReadAction","target":["https:\/\/muukreacje.pl\/privacy-policy\/"]}]},{"@type":"BreadcrumbList","@id":"https:\/\/muukreacje.pl\/privacy-policy\/#breadcrumb","itemListElement":[{"@type":"ListItem","position":1,"name":"Strona g\u0142\u00f3wna","item":"https:\/\/muukreacje.pl\/en\/"},{"@type":"ListItem","position":2,"name":"Privacy Policy"}]},{"@type":"WebSite","@id":"https:\/\/muukreacje.pl\/#website","url":"https:\/\/muukreacje.pl\/","name":"MUUkreacje moda damska szyta na wymiar z autorskich print\u00f3w","description":"SZYJEMY DLA WYSOKICH, NISKICH, PLUS SIZE I PETITE CZYLI DLA KA\u017bDEJ Z WAS! DLA CIEBIE TE\u017b! ","publisher":{"@id":"https:\/\/muukreacje.pl\/#organization"},"potentialAction":[{"@type":"SearchAction","target":{"@type":"EntryPoint","urlTemplate":"https:\/\/muukreacje.pl\/?s={search_term_string}"},"query-input":{"@type":"PropertyValueSpecification","valueRequired":true,"valueName":"search_term_string"}}],"inLanguage":"en-US"},{"@type":"Organization","@id":"https:\/\/muukreacje.pl\/#organization","name":"MuuKreacje.pl","url":"https:\/\/muukreacje.pl\/","logo":{"@type":"ImageObject","inLanguage":"en-US","@id":"https:\/\/muukreacje.pl\/#\/schema\/logo\/image\/","url":"https:\/\/muukreacje.pl\/wp-content\/uploads\/2020\/09\/MuuKreacje-logo-opt-woo2.png","contentUrl":"https:\/\/muukreacje.pl\/wp-content\/uploads\/2020\/09\/MuuKreacje-logo-opt-woo2.png","width":220,"height":145,"caption":"MuuKreacje.pl"},"image":{"@id":"https:\/\/muukreacje.pl\/#\/schema\/logo\/image\/"},"sameAs":["https:\/\/www.facebook.com\/muukreacje","https:\/\/www.instagram.com\/muukreacje"]}]}},"_links":{"self":[{"href":"https:\/\/muukreacje.pl\/en\/wp-json\/wp\/v2\/pages\/78295","targetHints":{"allow":["GET"]}}],"collection":[{"href":"https:\/\/muukreacje.pl\/en\/wp-json\/wp\/v2\/pages"}],"about":[{"href":"https:\/\/muukreacje.pl\/en\/wp-json\/wp\/v2\/types\/page"}],"author":[{"embeddable":true,"href":"https:\/\/muukreacje.pl\/en\/wp-json\/wp\/v2\/users\/2"}],"replies":[{"embeddable":true,"href":"https:\/\/muukreacje.pl\/en\/wp-json\/wp\/v2\/comments?post=78295"}],"version-history":[{"count":1,"href":"https:\/\/muukreacje.pl\/en\/wp-json\/wp\/v2\/pages\/78295\/revisions"}],"predecessor-version":[{"id":78296,"href":"https:\/\/muukreacje.pl\/en\/wp-json\/wp\/v2\/pages\/78295\/revisions\/78296"}],"wp:attachment":[{"href":"https:\/\/muukreacje.pl\/en\/wp-json\/wp\/v2\/media?parent=78295"}],"curies":[{"name":"wp","href":"https:\/\/api.w.org\/{rel}","templated":true}]}}