
{"id":114023,"date":"2026-03-03T12:12:34","date_gmt":"2026-03-03T11:12:34","guid":{"rendered":"https:\/\/muukreacje.pl\/?post_type=product&#038;p=114023"},"modified":"2026-03-22T19:00:12","modified_gmt":"2026-03-22T18:00:12","slug":"kot-w-worku-zaprojektuj-sobie-ciuszek","status":"publish","type":"product","link":"https:\/\/muukreacje.pl\/en\/sklep\/ona\/kot-w-worku-zaprojektuj-sobie-ciuszek\/","title":{"rendered":"kot w worku &#8211; ZAPROJEKTUJ SOBIE CIUSZEK"},"content":{"rendered":"<div>\n<h1 style=\"text-align: center;\"><span data-text-color=\"alert\"><strong>To jest nie jest CO\u015a WI\u0118CEJ NI\u017b KUPIENIE SOBIE NOWEGO CIUSZKA<\/strong><\/span><\/h1>\n<h2 style=\"text-align: center;\"><strong>To pe\u0142ny proces tw\u00f3rczy z Twoim udzia\u0142em&#8230; to usu\u0142goprodUUkt tylko dla tych, kt\u00f3re naprawd\u0119 w nas wierz\u0105 !<\/strong><\/h2>\n<p style=\"text-align: center;\">Po z\u0142o\u017ceniu i op\u0142aceniu zam\u00f3wienia dostaniesz w mailu link do kalendarza Olgi, \u017ceby\u015b mog\u0142a si\u0119 z nami um\u00f3wi\u0107 na termin onlinowego spotkania &lt;3<\/p>\n<\/div>\n<p><span style=\"color: #333333;\">KUPUJ\u0104C PROCES TW\u00d3RCY<\/span><\/p>\n<div>\n<ul>\n<li>Nie wybierasz gotowego kroju.<\/li>\n<li>Nie klikasz \u201eobwodu&#8221; ani printu<\/li>\n<li>KUPUJESZ MO\u017bLIWO\u015a\u0106 ZAPROJEKTOWANIA I DOPASOWANIA DO CIEBIE NASZYCH KROJ\u00d3W<\/li>\n<li>W TEJ CENIE OTRZYMUJESZ PROJEKT I USZYCIE G\u00d3RY Z DO\u0141EM, LUB ODZIENIE WIERZCHNIE, LUB SUKIENKI<\/li>\n<li>Nie decydujesz od razu co to b\u0119dzie za ubranie<\/li>\n<li>To lepsze ni\u017c foszek i KSC razem wzi\u0119te &#8211; rozumiesz to je\u015bli jeste\u015b nasz\u0105 Klientk\u0105<\/li>\n<li>JE\u015aLI JESTE\u015a NOWA Kupujesz indywidualny MUUprojekt powstaj\u0105cy w trakcie genialnego procesu tw\u00f3rczego, na bazie naszych wykroj\u00f3w, z dost\u0119pnym na magazynie print\u00f3w &#8211; MASZ DO WYBORU kilkadziesi\u0105t r\u00f3\u017cnych rysunk\u00f3w oraz wiele rodzaj\u00f3w materia\u0142u!<\/li>\n<\/ul>\n<h1><span data-text-color=\"alert\"><strong>Co tak naprawd\u0119 kupujesz czyli czym jest\u00a0 KOT W WORKU:<\/strong><\/span><\/h1>\n<h4><strong>Co dok\u0142adnie kupujesz?<\/strong><\/h4>\n<ul>\n<li>indywidualne spotkanie online (ok. 30 minut)<\/li>\n<li>rozmow\u0119 o Twoim stylu \u017cycia, sylwetce, potrzebach i tym, czego naprawd\u0119 chcesz nosi\u0107<\/li>\n<li>wsp\u00f3lne decyzje dotycz\u0105ce formy, kroju, d\u0142ugo\u015bci, detali<\/li>\n<li>dost\u0119p do print\u00f3w, materia\u0142\u00f3w i kroj\u00f3w z ca\u0142ej oferty MUU, CZYLI mo\u017cesz miesza\u0107 na magazynie i wr\u00f3ci\u0107 do starych kroj\u00f3w<\/li>\n<li>personalizacj\u0119 na poziomie wy\u017cszym ni\u017c standardowe szycie na miar\u0119<\/li>\n<li>Masz realny wp\u0142yw na efekt ko\u0144cowy &#8211; poprzez rozmow\u0119, decyzje i proces.<\/li>\n<\/ul>\n<h1 style=\"text-align: center;\"><span data-text-color=\"primary\"><strong>Efekt?<\/strong><\/span><\/h1>\n<h1 style=\"text-align: center;\"><span data-text-color=\"primary\"><strong>Ubranie, kt\u00f3re pasuje nie tylko do Ciebie, ale i do Twoich marze\u0144 \ud83d\udc9c<\/strong><\/span><\/h1>\n<\/div>\n<div class=\"row\"  id=\"row-2039619658\">\n\n\t<div id=\"col-1427972136\" class=\"col medium-4 small-12 large-4\"  >\n\t\t\t\t<div class=\"col-inner\"  >\n\t\t\t\n\t\t\t\n\t<div class=\"img has-hover x md-x lg-x y md-y lg-y\" id=\"image_554960902\">\n\t\t\t\t\t\t\t\t<div class=\"img-inner dark\" >\n\t\t\t<img loading=\"lazy\" decoding=\"async\" width=\"1020\" height=\"172\" src=\"https:\/\/muukreacje.pl\/wp-content\/uploads\/2026\/01\/615822097_25996857689951606_4971533750739972454_n-1.jpg\" class=\"attachment-large size-large\" alt=\"\" srcset=\"https:\/\/muukreacje.pl\/wp-content\/uploads\/2026\/01\/615822097_25996857689951606_4971533750739972454_n-1.jpg 1079w, https:\/\/muukreacje.pl\/wp-content\/uploads\/2026\/01\/615822097_25996857689951606_4971533750739972454_n-1-300x51.jpg 300w, https:\/\/muukreacje.pl\/wp-content\/uploads\/2026\/01\/615822097_25996857689951606_4971533750739972454_n-1-800x135.jpg 800w, https:\/\/muukreacje.pl\/wp-content\/uploads\/2026\/01\/615822097_25996857689951606_4971533750739972454_n-1-768x130.jpg 768w, https:\/\/muukreacje.pl\/wp-content\/uploads\/2026\/01\/615822097_25996857689951606_4971533750739972454_n-1-500x84.jpg 500w\" sizes=\"auto, (max-width: 1020px) 100vw, 1020px\" \/>\t\t\t\t\t\t\n\t\t\t\t\t<\/div>\n\t\t\t\t\t\t\t\t\n<style>\n#image_554960902 {\n  width: 100%;\n}\n<\/style>\n\t<\/div>\n\t\n\t\t<\/div>\n\t\t\t\t\t<\/div>\n\n\t\n\n\t<div id=\"col-1602628259\" class=\"col medium-4 small-12 large-4\"  >\n\t\t\t\t<div class=\"col-inner\"  >\n\t\t\t\n\t\t\t\n\t<div class=\"img has-hover x md-x lg-x y md-y lg-y\" id=\"image_152276120\">\n\t\t\t\t\t\t\t\t<div class=\"img-inner dark\" >\n\t\t\t<img loading=\"lazy\" decoding=\"async\" width=\"698\" height=\"59\" src=\"https:\/\/muukreacje.pl\/wp-content\/uploads\/2026\/01\/618379890_25996857389951636_2354303276934896198_n-1.jpg\" class=\"attachment-large size-large\" alt=\"\" srcset=\"https:\/\/muukreacje.pl\/wp-content\/uploads\/2026\/01\/618379890_25996857389951636_2354303276934896198_n-1.jpg 698w, https:\/\/muukreacje.pl\/wp-content\/uploads\/2026\/01\/618379890_25996857389951636_2354303276934896198_n-1-300x25.jpg 300w, https:\/\/muukreacje.pl\/wp-content\/uploads\/2026\/01\/618379890_25996857389951636_2354303276934896198_n-1-500x42.jpg 500w\" sizes=\"auto, (max-width: 698px) 100vw, 698px\" \/>\t\t\t\t\t\t\n\t\t\t\t\t<\/div>\n\t\t\t\t\t\t\t\t\n<style>\n#image_152276120 {\n  width: 100%;\n}\n<\/style>\n\t<\/div>\n\t\n\t\t<\/div>\n\t\t\t\t\t<\/div>\n\n\t\n\n\t<div id=\"col-1746735321\" class=\"col medium-4 small-12 large-4\"  >\n\t\t\t\t<div class=\"col-inner\"  >\n\t\t\t\n\t\t\t\n\t<div class=\"img has-hover x md-x lg-x y md-y lg-y\" id=\"image_1038816241\">\n\t\t\t\t\t\t\t\t<div class=\"img-inner dark\" >\n\t\t\t<img loading=\"lazy\" decoding=\"async\" width=\"781\" height=\"104\" src=\"https:\/\/muukreacje.pl\/wp-content\/uploads\/2026\/01\/618379890_25996857389951636_2354303276934896198_n-2.jpg\" class=\"attachment-large size-large\" alt=\"\" srcset=\"https:\/\/muukreacje.pl\/wp-content\/uploads\/2026\/01\/618379890_25996857389951636_2354303276934896198_n-2.jpg 781w, https:\/\/muukreacje.pl\/wp-content\/uploads\/2026\/01\/618379890_25996857389951636_2354303276934896198_n-2-300x40.jpg 300w, https:\/\/muukreacje.pl\/wp-content\/uploads\/2026\/01\/618379890_25996857389951636_2354303276934896198_n-2-768x102.jpg 768w, https:\/\/muukreacje.pl\/wp-content\/uploads\/2026\/01\/618379890_25996857389951636_2354303276934896198_n-2-500x67.jpg 500w\" sizes=\"auto, (max-width: 781px) 100vw, 781px\" \/>\t\t\t\t\t\t\n\t\t\t\t\t<\/div>\n\t\t\t\t\t\t\t\t\n<style>\n#image_1038816241 {\n  width: 100%;\n}\n<\/style>\n\t<\/div>\n\t\n\t\t<\/div>\n\t\t\t\t\t<\/div>\n\n\t\n<\/div>\n<div><\/div>\n<div>\n<h1><\/h1>\n<h4><strong>Wa\u017cne informacje<\/strong><\/h4>\n<ul>\n<li>produkt limitowany (ilo\u015b\u0107 spotka\u0144 jest ograniczona mo\u017cliwo\u015bciami wypchanego po brzegi kalendarza Olgi )<\/li>\n<li>czas realizacji ustalany indywidualnie po spotkaniu<\/li>\n<li>produkt bezzwrotny &#8211; szyty wy\u0142\u0105cznie pod jedn\u0105 osob\u0119<\/li>\n<li>Je\u015bli wiesz, \u017ce MUU to \u201eTwoja bajka&#8221;,<\/li>\n<li>je\u015bli cenisz rozmow\u0119, proces i jako\u015b\u0107,<\/li>\n<li>je\u015bli chcesz mie\u0107 w szafie rzecz, kt\u00f3ra ma sens &#8211; to tym w\u0142a\u015bnie jest KOT W WORKUU<\/li>\n<\/ul>\n<h4><strong>Wa\u017cne:<\/strong><\/h4>\n<ul>\n<li dir=\"auto\">korzystamy z materia\u0142\u00f3w i print\u00f3w z naszego magazynu, gdyby kto\u015b pomy\u015bla\u0142 \u017ce narysujemy co\u015b na nowo to nie o to chodzi\u0142o<\/li>\n<li dir=\"auto\">projektujemy na bazie dost\u0119pnych wykroj\u00f3w &#8211; mo\u017cemy je modyfikowa\u0107 na tyle na ile to mo\u017cliwe, ale je\u015bli marzy ci si\u0119 nowy projekt sukni \u015blubnej czy garnituru to&#8230; nie o to chodzi\u0142o<\/li>\n<li dir=\"auto\">\u00a0nie wybierasz konkretnego modelu przed zakupem, nie podajesz obwod\u00f3w, nie wymy\u015blasz jaki print masz zaznaczy\u0107 &#8211; to wszystko jako projekt powstaje podczas spotkania<\/li>\n<li dir=\"auto\">produkt szyty wy\u0142\u0105cznie pod Ciebie &#8211; czyli totalnie brak zwrotu (personalizacja), natomiast je\u015bli b\u0119dzie z nim co\u015b nie tak, niezgodno\u015b\u0107 z ustaleniami (czego sobie nie wyobra\u017cam) to oczywi\u015bcie nie zostaniesz z tym sama<\/li>\n<li dir=\"auto\">ilo\u015b\u0107 miejsc MOCNO ograniczona<\/li>\n<li>Je\u015bli nosisz MUU od lat, to by\u0107 mo\u017ce wiesz, o co chodzi&#8230; ale na bank si\u0119 tego nie spodziewa\u0142a\u015b !<\/li>\n<li>Je\u015bli dopiero wchodzisz w nasz \u015bwiat &#8230; to powiem ci tak&#8230; czego\u015b lepszego nie znajdziesz bo to jest najbardziej indywidualna forma dbania o Ciebie jak\u0105 oferujemy.<\/li>\n<\/ul>\n<\/div>\n<div dir=\"auto\"><\/div>\n","protected":false},"excerpt":{"rendered":"<p>To jest nie jest CO\u015a WI\u0118CEJ NI\u017b KUPIENIE SOBIE NOWEGO CIUSZKA To pe\u0142ny proces tw\u00f3rczy z Twoim udzia\u0142em&#8230; to usu\u0142goprodUUkt tylko dla tych, kt\u00f3re naprawd\u0119 w nas wierz\u0105 ! Po z\u0142o\u017ceniu i op\u0142aceniu zam\u00f3wienia dostaniesz w mailu link do kalendarza Olgi, \u017ceby\u015b mog\u0142a si\u0119 z nami um\u00f3wi\u0107 na termin onlinowego spotkania &lt;3 KUPUJ\u0104C PROCES TW\u00d3RCY [&#8230;]\n","protected":false},"featured_media":119345,"comment_status":"open","ping_status":"closed","template":"","meta":{"_acf_changed":false},"etykieta":[],"product_brand":[],"product_cat":[500],"product_tag":[],"class_list":{"0":"post-114023","1":"product","2":"type-product","3":"status-publish","4":"has-post-thumbnail","6":"product_cat-ona","8":"first","9":"outofstock","10":"sale","11":"shipping-taxable","12":"purchasable","13":"product-type-simple"},"acf":[],"yoast_head":"<!-- This site is optimized with the Yoast SEO plugin v27.0 - https:\/\/yoast.com\/product\/yoast-seo-wordpress\/ -->\n<title>kot w worku - ZAPROJEKTUJ SOBIE CIUSZEK - MUUkreacje moda damska, odzie\u017c szyta na wymiar z kolorowych autorskich print\u00f3w<\/title>\n<meta name=\"description\" content=\"Muukreacje - moda damska na wymiar z autorskimi printami. Szyjemy na Twoj\u0105 miar\u0119 - jeste\u015b pi\u0119kna! Polska marka odzie\u017cowa. Sklep online.\" \/>\n<meta name=\"robots\" content=\"index, follow, max-snippet:-1, max-image-preview:large, max-video-preview:-1\" \/>\n<link rel=\"canonical\" href=\"https:\/\/muukreacje.pl\/sklep\/ona\/kot-w-worku-zaprojektuj-sobie-ciuszek\/\" \/>\n<meta property=\"og:locale\" content=\"en_US\" \/>\n<meta property=\"og:type\" content=\"article\" \/>\n<meta property=\"og:title\" content=\"kot w worku - ZAPROJEKTUJ SOBIE CIUSZEK - MUUkreacje moda damska, odzie\u017c szyta na wymiar z kolorowych autorskich print\u00f3w\" \/>\n<meta property=\"og:description\" content=\"Muukreacje - moda damska na wymiar z autorskimi printami. Szyjemy na Twoj\u0105 miar\u0119 - jeste\u015b pi\u0119kna! Polska marka odzie\u017cowa. Sklep online.\" \/>\n<meta property=\"og:url\" content=\"https:\/\/muukreacje.pl\/sklep\/ona\/kot-w-worku-zaprojektuj-sobie-ciuszek\/\" \/>\n<meta property=\"og:site_name\" content=\"MUUkreacje moda damska, odzie\u017c szyta na wymiar z kolorowych autorskich print\u00f3w\" \/>\n<meta property=\"article:publisher\" content=\"https:\/\/www.facebook.com\/muukreacje\" \/>\n<meta property=\"article:modified_time\" content=\"2026-03-22T18:00:12+00:00\" \/>\n<meta property=\"og:image\" content=\"https:\/\/muukreacje.pl\/wp-content\/uploads\/2026\/01\/SZYCIE-NA-MIARE-POLSKA-MARKA-ODZIEZOWA-KOLOROWE-DRES-Y.jpg\" \/>\n\t<meta property=\"og:image:width\" content=\"1080\" \/>\n\t<meta property=\"og:image:height\" content=\"1350\" \/>\n\t<meta property=\"og:image:type\" content=\"image\/jpeg\" \/>\n<meta name=\"twitter:label1\" content=\"Est. reading time\" \/>\n\t<meta name=\"twitter:data1\" content=\"3 minutes\" \/>\n<!-- \/ Yoast SEO plugin. -->","yoast_head_json":{"title":"kot w worku - ZAPROJEKTUJ SOBIE CIUSZEK - MUUkreacje moda damska, odzie\u017c szyta na wymiar z kolorowych autorskich print\u00f3w","description":"Muukreacje - moda damska na wymiar z autorskimi printami. Szyjemy na Twoj\u0105 miar\u0119 - jeste\u015b pi\u0119kna! Polska marka odzie\u017cowa. Sklep online.","robots":{"index":"index","follow":"follow","max-snippet":"max-snippet:-1","max-image-preview":"max-image-preview:large","max-video-preview":"max-video-preview:-1"},"canonical":"https:\/\/muukreacje.pl\/sklep\/ona\/kot-w-worku-zaprojektuj-sobie-ciuszek\/","og_locale":"en_US","og_type":"article","og_title":"kot w worku - ZAPROJEKTUJ SOBIE CIUSZEK - MUUkreacje moda damska, odzie\u017c szyta na wymiar z kolorowych autorskich print\u00f3w","og_description":"Muukreacje - moda damska na wymiar z autorskimi printami. Szyjemy na Twoj\u0105 miar\u0119 - jeste\u015b pi\u0119kna! Polska marka odzie\u017cowa. Sklep online.","og_url":"https:\/\/muukreacje.pl\/sklep\/ona\/kot-w-worku-zaprojektuj-sobie-ciuszek\/","og_site_name":"MUUkreacje moda damska, odzie\u017c szyta na wymiar z kolorowych autorskich print\u00f3w","article_publisher":"https:\/\/www.facebook.com\/muukreacje","article_modified_time":"2026-03-22T18:00:12+00:00","og_image":[{"width":1080,"height":1350,"url":"https:\/\/muukreacje.pl\/wp-content\/uploads\/2026\/01\/SZYCIE-NA-MIARE-POLSKA-MARKA-ODZIEZOWA-KOLOROWE-DRES-Y.jpg","type":"image\/jpeg"}],"twitter_misc":{"Est. reading time":"3 minutes"},"schema":{"@context":"https:\/\/schema.org","@graph":[{"@type":"WebPage","@id":"https:\/\/muukreacje.pl\/sklep\/ona\/kot-w-worku-zaprojektuj-sobie-ciuszek\/","url":"https:\/\/muukreacje.pl\/sklep\/ona\/kot-w-worku-zaprojektuj-sobie-ciuszek\/","name":"kot w worku - ZAPROJEKTUJ SOBIE CIUSZEK - MUUkreacje moda damska, odzie\u017c szyta na wymiar z kolorowych autorskich print\u00f3w","isPartOf":{"@id":"https:\/\/muukreacje.pl\/#website"},"primaryImageOfPage":{"@id":"https:\/\/muukreacje.pl\/sklep\/ona\/kot-w-worku-zaprojektuj-sobie-ciuszek\/#primaryimage"},"image":{"@id":"https:\/\/muukreacje.pl\/sklep\/ona\/kot-w-worku-zaprojektuj-sobie-ciuszek\/#primaryimage"},"thumbnailUrl":"https:\/\/muukreacje.pl\/wp-content\/uploads\/2026\/01\/SZYCIE-NA-MIARE-POLSKA-MARKA-ODZIEZOWA-KOLOROWE-DRES-Y.jpg","datePublished":"2026-03-03T11:12:34+00:00","dateModified":"2026-03-22T18:00:12+00:00","description":"Muukreacje - moda damska na wymiar z autorskimi printami. Szyjemy na Twoj\u0105 miar\u0119 - jeste\u015b pi\u0119kna! Polska marka odzie\u017cowa. Sklep online.","breadcrumb":{"@id":"https:\/\/muukreacje.pl\/sklep\/ona\/kot-w-worku-zaprojektuj-sobie-ciuszek\/#breadcrumb"},"inLanguage":"en-US","potentialAction":[{"@type":"ReadAction","target":["https:\/\/muukreacje.pl\/sklep\/ona\/kot-w-worku-zaprojektuj-sobie-ciuszek\/"]}]},{"@type":"ImageObject","inLanguage":"en-US","@id":"https:\/\/muukreacje.pl\/sklep\/ona\/kot-w-worku-zaprojektuj-sobie-ciuszek\/#primaryimage","url":"https:\/\/muukreacje.pl\/wp-content\/uploads\/2026\/01\/SZYCIE-NA-MIARE-POLSKA-MARKA-ODZIEZOWA-KOLOROWE-DRES-Y.jpg","contentUrl":"https:\/\/muukreacje.pl\/wp-content\/uploads\/2026\/01\/SZYCIE-NA-MIARE-POLSKA-MARKA-ODZIEZOWA-KOLOROWE-DRES-Y.jpg","width":1080,"height":1350},{"@type":"BreadcrumbList","@id":"https:\/\/muukreacje.pl\/sklep\/ona\/kot-w-worku-zaprojektuj-sobie-ciuszek\/#breadcrumb","itemListElement":[{"@type":"ListItem","position":1,"name":"Strona g\u0142\u00f3wna","item":"https:\/\/muukreacje.pl\/en\/"},{"@type":"ListItem","position":2,"name":"SKLEP","item":"https:\/\/muukreacje.pl\/sklep-moda-damska-szyta-na-wymiar\/"},{"@type":"ListItem","position":3,"name":"kot w worku &#8211; ZAPROJEKTUJ SOBIE CIUSZEK"}]},{"@type":"WebSite","@id":"https:\/\/muukreacje.pl\/#website","url":"https:\/\/muukreacje.pl\/","name":"MUUkreacje moda damska szyta na wymiar z autorskich print\u00f3w","description":"SZYJEMY DLA WYSOKICH, NISKICH, PLUS SIZE I PETITE CZYLI DLA KA\u017bDEJ Z WAS! DLA CIEBIE TE\u017b! ","publisher":{"@id":"https:\/\/muukreacje.pl\/#organization"},"potentialAction":[{"@type":"SearchAction","target":{"@type":"EntryPoint","urlTemplate":"https:\/\/muukreacje.pl\/?s={search_term_string}"},"query-input":{"@type":"PropertyValueSpecification","valueRequired":true,"valueName":"search_term_string"}}],"inLanguage":"en-US"},{"@type":"Organization","@id":"https:\/\/muukreacje.pl\/#organization","name":"MuuKreacje.pl","url":"https:\/\/muukreacje.pl\/","logo":{"@type":"ImageObject","inLanguage":"en-US","@id":"https:\/\/muukreacje.pl\/#\/schema\/logo\/image\/","url":"https:\/\/muukreacje.pl\/wp-content\/uploads\/2020\/09\/MuuKreacje-logo-opt-woo2.png","contentUrl":"https:\/\/muukreacje.pl\/wp-content\/uploads\/2020\/09\/MuuKreacje-logo-opt-woo2.png","width":220,"height":145,"caption":"MuuKreacje.pl"},"image":{"@id":"https:\/\/muukreacje.pl\/#\/schema\/logo\/image\/"},"sameAs":["https:\/\/www.facebook.com\/muukreacje","https:\/\/www.instagram.com\/muukreacje"]}]}},"_links":{"self":[{"href":"https:\/\/muukreacje.pl\/en\/wp-json\/wp\/v2\/product\/114023","targetHints":{"allow":["GET"]}}],"collection":[{"href":"https:\/\/muukreacje.pl\/en\/wp-json\/wp\/v2\/product"}],"about":[{"href":"https:\/\/muukreacje.pl\/en\/wp-json\/wp\/v2\/types\/product"}],"replies":[{"embeddable":true,"href":"https:\/\/muukreacje.pl\/en\/wp-json\/wp\/v2\/comments?post=114023"}],"wp:featuredmedia":[{"embeddable":true,"href":"https:\/\/muukreacje.pl\/en\/wp-json\/wp\/v2\/media\/119345"}],"wp:attachment":[{"href":"https:\/\/muukreacje.pl\/en\/wp-json\/wp\/v2\/media?parent=114023"}],"wp:term":[{"taxonomy":"etykieta","embeddable":true,"href":"https:\/\/muukreacje.pl\/en\/wp-json\/wp\/v2\/etykieta?post=114023"},{"taxonomy":"product_brand","embeddable":true,"href":"https:\/\/muukreacje.pl\/en\/wp-json\/wp\/v2\/product_brand?post=114023"},{"taxonomy":"product_cat","embeddable":true,"href":"https:\/\/muukreacje.pl\/en\/wp-json\/wp\/v2\/product_cat?post=114023"},{"taxonomy":"product_tag","embeddable":true,"href":"https:\/\/muukreacje.pl\/en\/wp-json\/wp\/v2\/product_tag?post=114023"}],"curies":[{"name":"wp","href":"https:\/\/api.w.org\/{rel}","templated":true}]}}