
{"id":62540,"date":"2025-04-02T11:32:55","date_gmt":"2025-04-02T09:32:55","guid":{"rendered":"https:\/\/muukreacje.pl\/?post_type=product&#038;p=62540"},"modified":"2026-04-20T16:28:44","modified_gmt":"2026-04-20T14:28:44","slug":"sciaga-z-kolorow-i-proste-triki-na-4-babskie-bolaczki","status":"publish","type":"product","link":"https:\/\/muukreacje.pl\/en\/sklep\/poradniki\/sciaga-z-kolorow-i-proste-triki-na-4-babskie-bolaczki\/","title":{"rendered":"e-book &#8220;\u015bci\u0105ga z kolor\u00f3w i proste triki na 4 babskie bol\u0105czki&#8221;"},"content":{"rendered":"<h2 style=\"text-align: center;\">e-book &#8220;\u015bci\u0105ga z kolor\u00f3w i proste triki na 4 babskie bol\u0105czki&#8221;<\/h2>\n<p>to praktyczny i krUUtki poradnik dla ka\u017cdej Kobiety!<\/p>\n<p>Ka\u017cda z nas potrzebuje<\/p>\n<ul>\n<li>zdrowia<\/li>\n<li>kasy<\/li>\n<li>wiary w siebie i<\/li>\n<li>mi\u0142o\u015bci !!!<\/li>\n<\/ul>\n<p>W tym e-book&#8217;u poznasz wszelkie praktyczne i proste sposoby jak skutecznie ogarn\u0105\u0107 te 4 babskie bol\u0105czki kolorami&#8230;<\/p>\n<h2>Zanim powiesz &#8220;to nie dzia\u0142a&#8221; SPR\u00d3BUJ&#8230; a co je\u015bli jednak dzia\u0142a???<\/h2>\n<p><span style=\"font-size: 115%; background-color: #90e6fe;\"><strong>UWAGA! KOLORY MOG\u0104 SI\u0118 NIEZNACZNIE R\u00d3\u017bNI\u0106 OD ZDJ\u0118\u0106<\/strong><\/span><\/p>\n<p><span style=\"font-size: 90%; background-color: #90e6fe;\">Wszelkie prawa zastrze\u017cone. Wszystkie kroje, printy, teksty, rysunki, zdj\u0119cia oraz wszystkie inne informacje opublikowane na MUUkreacje.pl podlegaj\u0105 prawom autorskim. Wszelkie kopiowanie, dystrybucja, elektroniczne przetwarzanie oraz przesy\u0142anie zawarto\u015bci bez zezwolenia firmy MUUkreacje.pl jest zabronione.<\/span><\/p>\n<p>&nbsp;<\/p>\n","protected":false},"excerpt":{"rendered":"<p style=\"text-align: left;\">e-book &#8220;\u015bci\u0105ga z kolor\u00f3w i proste triki na 4 babskie bol\u0105czki&#8221; to praktyczny i krUUtki poradnik dla ka\u017cdej Kobiety!\u00a0Ka\u017cda z nas potrzebuje<\/p>\n<ul style=\"text-align: left;\">\n<li>zdrowia<\/li>\n<li>kasy<\/li>\n<li>wiary w siebie i<\/li>\n<li>mi\u0142o\u015bci !!<\/li>\n<\/ul>\n<p style=\"text-align: left;\">W tym e-book&#8217;u poznasz wszelkie praktyczne i proste sposoby jak skutecznie ogarn\u0105\u0107 te 4 babskie bol\u0105czki kolorami&#8230;<\/p>\n<p><a href=\"https:\/\/muukreacje.pl\/wp-content\/uploads\/2025\/10\/kup-na-raty-pay-po-.jpg\"><img loading=\"lazy\" decoding=\"async\" class=\"size-medium wp-image-105023 aligncenter\" src=\"https:\/\/muukreacje.pl\/wp-content\/uploads\/2025\/10\/kup-na-raty-pay-po--800x304.jpg\" alt=\"\" width=\"800\" height=\"304\" srcset=\"https:\/\/muukreacje.pl\/wp-content\/uploads\/2025\/10\/kup-na-raty-pay-po--800x304.jpg 800w, https:\/\/muukreacje.pl\/wp-content\/uploads\/2025\/10\/kup-na-raty-pay-po--300x114.jpg 300w, https:\/\/muukreacje.pl\/wp-content\/uploads\/2025\/10\/kup-na-raty-pay-po--768x292.jpg 768w, https:\/\/muukreacje.pl\/wp-content\/uploads\/2025\/10\/kup-na-raty-pay-po--500x190.jpg 500w, https:\/\/muukreacje.pl\/wp-content\/uploads\/2025\/10\/kup-na-raty-pay-po-.jpg 1320w\" sizes=\"auto, (max-width: 800px) 100vw, 800px\" \/><\/a><\/p>\n","protected":false},"featured_media":90168,"comment_status":"open","ping_status":"closed","template":"","meta":{"_acf_changed":false},"etykieta":[],"product_brand":[],"product_cat":[501,235,1710],"product_tag":[136,432,119,436,433,435,438,437,135,434,139],"class_list":{"0":"post-62540","1":"product","2":"type-product","3":"status-publish","4":"has-post-thumbnail","6":"product_cat-dodatki","7":"product_cat-poradniki","8":"product_cat-inne-zajebistosci","9":"product_tag-coach","10":"product_tag-e-book","11":"product_tag-kobieta","12":"product_tag-leki","13":"product_tag-motywacja","14":"product_tag-poradnik","15":"product_tag-samopoczucie","16":"product_tag-sekrety","17":"product_tag-strach","18":"product_tag-techniki","19":"product_tag-zmiana","21":"first","22":"instock","23":"downloadable","24":"virtual","25":"purchasable","26":"product-type-simple"},"acf":[],"yoast_head":"<!-- This site is optimized with the Yoast SEO plugin v27.0 - https:\/\/yoast.com\/product\/yoast-seo-wordpress\/ -->\n<title>e-book &quot;\u015bci\u0105ga z kolor\u00f3w i proste triki na 4 babskie bol\u0105czki&quot; - MUUkreacje moda damska, odzie\u017c szyta na wymiar z kolorowych autorskich print\u00f3w<\/title>\n<meta name=\"description\" content=\"Muukreacje - moda damska na wymiar z autorskimi printami. Szyjemy na Twoj\u0105 miar\u0119 - jeste\u015b pi\u0119kna! Polska marka odzie\u017cowa. Sklep online.\" \/>\n<meta name=\"robots\" content=\"index, follow, max-snippet:-1, max-image-preview:large, max-video-preview:-1\" \/>\n<link rel=\"canonical\" href=\"https:\/\/muukreacje.pl\/sklep\/poradniki\/sciaga-z-kolorow-i-proste-triki-na-4-babskie-bolaczki\/\" \/>\n<meta property=\"og:locale\" content=\"en_US\" \/>\n<meta property=\"og:type\" content=\"article\" \/>\n<meta property=\"og:title\" content=\"e-book &quot;\u015bci\u0105ga z kolor\u00f3w i proste triki na 4 babskie bol\u0105czki&quot; - MUUkreacje moda damska, odzie\u017c szyta na wymiar z kolorowych autorskich print\u00f3w\" \/>\n<meta property=\"og:description\" content=\"Muukreacje - moda damska na wymiar z autorskimi printami. Szyjemy na Twoj\u0105 miar\u0119 - jeste\u015b pi\u0119kna! Polska marka odzie\u017cowa. Sklep online.\" \/>\n<meta property=\"og:url\" content=\"https:\/\/muukreacje.pl\/sklep\/poradniki\/sciaga-z-kolorow-i-proste-triki-na-4-babskie-bolaczki\/\" \/>\n<meta property=\"og:site_name\" content=\"MUUkreacje moda damska, odzie\u017c szyta na wymiar z kolorowych autorskich print\u00f3w\" \/>\n<meta property=\"article:publisher\" content=\"https:\/\/www.facebook.com\/muukreacje\" \/>\n<meta property=\"article:modified_time\" content=\"2026-04-20T14:28:44+00:00\" \/>\n<meta property=\"og:image\" content=\"https:\/\/muukreacje.pl\/wp-content\/uploads\/2022\/10\/MUUkreacje-Twojego-oUUtfitu-szyjemy-na-wymiar-polska-marka-3-1.png\" \/>\n\t<meta property=\"og:image:width\" content=\"810\" \/>\n\t<meta property=\"og:image:height\" content=\"1485\" \/>\n\t<meta property=\"og:image:type\" content=\"image\/png\" \/>\n<meta name=\"twitter:label1\" content=\"Est. reading time\" \/>\n\t<meta name=\"twitter:data1\" content=\"1 minute\" \/>\n<!-- \/ Yoast SEO plugin. -->","yoast_head_json":{"title":"e-book \"\u015bci\u0105ga z kolor\u00f3w i proste triki na 4 babskie bol\u0105czki\" - MUUkreacje moda damska, odzie\u017c szyta na wymiar z kolorowych autorskich print\u00f3w","description":"Muukreacje - moda damska na wymiar z autorskimi printami. Szyjemy na Twoj\u0105 miar\u0119 - jeste\u015b pi\u0119kna! Polska marka odzie\u017cowa. Sklep online.","robots":{"index":"index","follow":"follow","max-snippet":"max-snippet:-1","max-image-preview":"max-image-preview:large","max-video-preview":"max-video-preview:-1"},"canonical":"https:\/\/muukreacje.pl\/sklep\/poradniki\/sciaga-z-kolorow-i-proste-triki-na-4-babskie-bolaczki\/","og_locale":"en_US","og_type":"article","og_title":"e-book \"\u015bci\u0105ga z kolor\u00f3w i proste triki na 4 babskie bol\u0105czki\" - MUUkreacje moda damska, odzie\u017c szyta na wymiar z kolorowych autorskich print\u00f3w","og_description":"Muukreacje - moda damska na wymiar z autorskimi printami. Szyjemy na Twoj\u0105 miar\u0119 - jeste\u015b pi\u0119kna! Polska marka odzie\u017cowa. Sklep online.","og_url":"https:\/\/muukreacje.pl\/sklep\/poradniki\/sciaga-z-kolorow-i-proste-triki-na-4-babskie-bolaczki\/","og_site_name":"MUUkreacje moda damska, odzie\u017c szyta na wymiar z kolorowych autorskich print\u00f3w","article_publisher":"https:\/\/www.facebook.com\/muukreacje","article_modified_time":"2026-04-20T14:28:44+00:00","og_image":[{"width":810,"height":1485,"url":"https:\/\/muukreacje.pl\/wp-content\/uploads\/2022\/10\/MUUkreacje-Twojego-oUUtfitu-szyjemy-na-wymiar-polska-marka-3-1.png","type":"image\/png"}],"twitter_misc":{"Est. reading time":"1 minute"},"schema":{"@context":"https:\/\/schema.org","@graph":[{"@type":"WebPage","@id":"https:\/\/muukreacje.pl\/sklep\/poradniki\/sciaga-z-kolorow-i-proste-triki-na-4-babskie-bolaczki\/","url":"https:\/\/muukreacje.pl\/sklep\/poradniki\/sciaga-z-kolorow-i-proste-triki-na-4-babskie-bolaczki\/","name":"e-book \"\u015bci\u0105ga z kolor\u00f3w i proste triki na 4 babskie bol\u0105czki\" - MUUkreacje moda damska, odzie\u017c szyta na wymiar z kolorowych autorskich print\u00f3w","isPartOf":{"@id":"https:\/\/muukreacje.pl\/#website"},"primaryImageOfPage":{"@id":"https:\/\/muukreacje.pl\/sklep\/poradniki\/sciaga-z-kolorow-i-proste-triki-na-4-babskie-bolaczki\/#primaryimage"},"image":{"@id":"https:\/\/muukreacje.pl\/sklep\/poradniki\/sciaga-z-kolorow-i-proste-triki-na-4-babskie-bolaczki\/#primaryimage"},"thumbnailUrl":"https:\/\/muukreacje.pl\/wp-content\/uploads\/2022\/10\/MUUkreacje-Twojego-oUUtfitu-szyjemy-na-wymiar-polska-marka-3-1.png","datePublished":"2025-04-02T09:32:55+00:00","dateModified":"2026-04-20T14:28:44+00:00","description":"Muukreacje - moda damska na wymiar z autorskimi printami. Szyjemy na Twoj\u0105 miar\u0119 - jeste\u015b pi\u0119kna! Polska marka odzie\u017cowa. Sklep online.","breadcrumb":{"@id":"https:\/\/muukreacje.pl\/sklep\/poradniki\/sciaga-z-kolorow-i-proste-triki-na-4-babskie-bolaczki\/#breadcrumb"},"inLanguage":"en-US","potentialAction":[{"@type":"ReadAction","target":["https:\/\/muukreacje.pl\/sklep\/poradniki\/sciaga-z-kolorow-i-proste-triki-na-4-babskie-bolaczki\/"]}]},{"@type":"ImageObject","inLanguage":"en-US","@id":"https:\/\/muukreacje.pl\/sklep\/poradniki\/sciaga-z-kolorow-i-proste-triki-na-4-babskie-bolaczki\/#primaryimage","url":"https:\/\/muukreacje.pl\/wp-content\/uploads\/2022\/10\/MUUkreacje-Twojego-oUUtfitu-szyjemy-na-wymiar-polska-marka-3-1.png","contentUrl":"https:\/\/muukreacje.pl\/wp-content\/uploads\/2022\/10\/MUUkreacje-Twojego-oUUtfitu-szyjemy-na-wymiar-polska-marka-3-1.png","width":810,"height":1485},{"@type":"BreadcrumbList","@id":"https:\/\/muukreacje.pl\/sklep\/poradniki\/sciaga-z-kolorow-i-proste-triki-na-4-babskie-bolaczki\/#breadcrumb","itemListElement":[{"@type":"ListItem","position":1,"name":"Strona g\u0142\u00f3wna","item":"https:\/\/muukreacje.pl\/en\/"},{"@type":"ListItem","position":2,"name":"SKLEP","item":"https:\/\/muukreacje.pl\/sklep-moda-damska-szyta-na-wymiar\/"},{"@type":"ListItem","position":3,"name":"e-book &#8220;\u015bci\u0105ga z kolor\u00f3w i proste triki na 4 babskie bol\u0105czki&#8221;"}]},{"@type":"WebSite","@id":"https:\/\/muukreacje.pl\/#website","url":"https:\/\/muukreacje.pl\/","name":"MUUkreacje moda damska szyta na wymiar z autorskich print\u00f3w","description":"SZYJEMY DLA WYSOKICH, NISKICH, PLUS SIZE I PETITE CZYLI DLA KA\u017bDEJ Z WAS! DLA CIEBIE TE\u017b! ","publisher":{"@id":"https:\/\/muukreacje.pl\/#organization"},"potentialAction":[{"@type":"SearchAction","target":{"@type":"EntryPoint","urlTemplate":"https:\/\/muukreacje.pl\/?s={search_term_string}"},"query-input":{"@type":"PropertyValueSpecification","valueRequired":true,"valueName":"search_term_string"}}],"inLanguage":"en-US"},{"@type":"Organization","@id":"https:\/\/muukreacje.pl\/#organization","name":"MuuKreacje.pl","url":"https:\/\/muukreacje.pl\/","logo":{"@type":"ImageObject","inLanguage":"en-US","@id":"https:\/\/muukreacje.pl\/#\/schema\/logo\/image\/","url":"https:\/\/muukreacje.pl\/wp-content\/uploads\/2020\/09\/MuuKreacje-logo-opt-woo2.png","contentUrl":"https:\/\/muukreacje.pl\/wp-content\/uploads\/2020\/09\/MuuKreacje-logo-opt-woo2.png","width":220,"height":145,"caption":"MuuKreacje.pl"},"image":{"@id":"https:\/\/muukreacje.pl\/#\/schema\/logo\/image\/"},"sameAs":["https:\/\/www.facebook.com\/muukreacje","https:\/\/www.instagram.com\/muukreacje"]}]}},"_links":{"self":[{"href":"https:\/\/muukreacje.pl\/en\/wp-json\/wp\/v2\/product\/62540","targetHints":{"allow":["GET"]}}],"collection":[{"href":"https:\/\/muukreacje.pl\/en\/wp-json\/wp\/v2\/product"}],"about":[{"href":"https:\/\/muukreacje.pl\/en\/wp-json\/wp\/v2\/types\/product"}],"replies":[{"embeddable":true,"href":"https:\/\/muukreacje.pl\/en\/wp-json\/wp\/v2\/comments?post=62540"}],"wp:featuredmedia":[{"embeddable":true,"href":"https:\/\/muukreacje.pl\/en\/wp-json\/wp\/v2\/media\/90168"}],"wp:attachment":[{"href":"https:\/\/muukreacje.pl\/en\/wp-json\/wp\/v2\/media?parent=62540"}],"wp:term":[{"taxonomy":"etykieta","embeddable":true,"href":"https:\/\/muukreacje.pl\/en\/wp-json\/wp\/v2\/etykieta?post=62540"},{"taxonomy":"product_brand","embeddable":true,"href":"https:\/\/muukreacje.pl\/en\/wp-json\/wp\/v2\/product_brand?post=62540"},{"taxonomy":"product_cat","embeddable":true,"href":"https:\/\/muukreacje.pl\/en\/wp-json\/wp\/v2\/product_cat?post=62540"},{"taxonomy":"product_tag","embeddable":true,"href":"https:\/\/muukreacje.pl\/en\/wp-json\/wp\/v2\/product_tag?post=62540"}],"curies":[{"name":"wp","href":"https:\/\/api.w.org\/{rel}","templated":true}]}}