
{"id":99999,"date":"2025-07-18T13:01:37","date_gmt":"2025-07-18T11:01:37","guid":{"rendered":"https:\/\/muukreacje.pl\/?post_type=product&#038;p=99999"},"modified":"2026-03-03T22:46:41","modified_gmt":"2026-03-03T21:46:41","slug":"zapis-webinaru-jak-stracic-2-rozmiary-w-5-minut-2","status":"publish","type":"product","link":"https:\/\/muukreacje.pl\/en\/sklep\/poradniki\/zapis-webinaru-jak-stracic-2-rozmiary-w-5-minut-2\/","title":{"rendered":"Zapis WEBINARU &#8220;Jak straci\u0107 2 rozmiary w 5 minut&#8221;"},"content":{"rendered":"<h1 style=\"text-align: center;\">WEBINAR JAKIEGO JESZCZE NIE WIDZIA\u0141A\u015a !<strong>\u00a0<\/strong><\/h1>\n<h4>Co zyskasz po obejrzeniu webinaru z Olg\u0105?<\/h4>\n<ul>\n<li>PRZEKONASZ SI\u0118 \u017bE NAPRAWD\u0118 2 ROZMIARY MO\u017bNA STRACI\u0106 W 5 MINUT !!!<\/li>\n<li>Przede wszystkim energi\u0119 z zakresu &#8220;level master&#8221; &#8230; TO SI\u0118 ZAWSZE TAK KO\u0143CZY!<\/li>\n<li>Praktyczn\u0105 wiedz\u0119 o wyszczuplaj\u0105cych trikach!<\/li>\n<li>Dowiesz si\u0119 jakie kolory do Ciebie nie tyle pasuj\u0105, co dodaj\u0105 Ci mocy!<\/li>\n<li>Poka\u017c\u0119 Ci jak doda\u0107 pewno\u015bci siebie za pomoc\u0105 ciuch\u00f3w!<\/li>\n<li>Nauczysz si\u0119 pe\u0142nej improwizacji w stylizacjach!<\/li>\n<li>Zobaczysz na w\u0142asne oczy co warto kupowa\u0107, a co powinna\u015b omija\u0107 z daleka ( poza dzia\u0142em ze s\u0142odyczami:))<\/li>\n<li>DODATKOWO dzi\u0119ki technikom kreacji rzeczywisto\u015bci, oraz lekkiemu praniu MUUzgu przeprowadzonego przez ekspertk\u0119 ds. leczenia Kobiecych UUmys\u0142\u00f3w z posranych my\u015bli pokochasz siebie nie tylko zewn\u0119trznie ale i wewn\u0119trznie<\/li>\n<li>Zrozumiesz\u2026 albo przynajmniej zaczniesz \u0142\u0105czy\u0107 kropki\u2026 co si\u0119 dzieje w Twoim \u017cyciu i sk\u0105d ten wieczny foch, brak akceptacji i wewn\u0119trzna walka.<\/li>\n<\/ul>\n<p>Dost\u0119p do Webinar otrzymasz na maila po op\u0142aceniu zam\u00f3wienia!<\/p>\n<p>&nbsp;<\/p>\n\n\t<section class=\"section\" id=\"section_732087558\">\n\t\t<div class=\"section-bg fill\" >\n\t\t\t\t\t\t\t\t\t\n\t\t\t\n\t<div class=\"is-border\"\n\t\tstyle=\"border-color:rgb(235, 235, 235);border-width:1px 0px 0px 0px;\">\n\t<\/div>\n\n\t\t<\/div>\n\n\t\t\n\n\t\t<div class=\"section-content relative\">\n\t\t\t\n<div class=\"row row-large align-middle align-center\"  id=\"row-1684913258\">\n\n\t<div id=\"col-1094346284\" class=\"col medium-6 small-12 large-6\"  >\n\t\t\t\t<div class=\"col-inner box-shadow-2 box-shadow-5-hover\" style=\"background-color:rgb(255, 255, 255);\" >\n\t\t\t\n\t\t\t\n\t<div class=\"img has-hover x md-x lg-x y md-y lg-y\" id=\"image_490492061\">\n\t\t<a class=\"\" href=\"https:\/\/muukreacje.pl\/jak-stracic-dwa-rozmiary-w-5-minut-webinar\/\" target=\"_blank\" rel=\"noopener\" >\t\t\t\t\t\t<div class=\"img-inner dark\" >\n\t\t\t<img loading=\"lazy\" decoding=\"async\" width=\"720\" height=\"543\" src=\"https:\/\/muukreacje.pl\/wp-content\/uploads\/2025\/02\/JAK-STRACIC-2-ROZMIARY.png\" class=\"attachment-large size-large\" alt=\"\" srcset=\"https:\/\/muukreacje.pl\/wp-content\/uploads\/2025\/02\/JAK-STRACIC-2-ROZMIARY.png 720w, https:\/\/muukreacje.pl\/wp-content\/uploads\/2025\/02\/JAK-STRACIC-2-ROZMIARY-300x226.png 300w, https:\/\/muukreacje.pl\/wp-content\/uploads\/2025\/02\/JAK-STRACIC-2-ROZMIARY-530x400.png 530w, https:\/\/muukreacje.pl\/wp-content\/uploads\/2025\/02\/JAK-STRACIC-2-ROZMIARY-500x377.png 500w\" sizes=\"auto, (max-width: 720px) 100vw, 720px\" \/>\t\t\t\t\t\t\n\t\t\t\t\t<\/div>\n\t\t\t\t\t\t<\/a>\t\t\n<style>\n#image_490492061 {\n  width: 100%;\n}\n<\/style>\n\t<\/div>\n\t\n\t\t<\/div>\n\t\t\t\t\n<style>\n#col-1094346284 > .col-inner {\n  padding: 15px 15px 15px 15px;\n}\n<\/style>\n\t<\/div>\n\n\t\n\n\t<div id=\"col-126032578\" class=\"col medium-6 small-12 large-6\"  >\n\t\t\t\t<div class=\"col-inner text-center\"  >\n\t\t\t\n\t\t\t\n<h2>je\u015bli potrzebujesz wi\u0119cej informacji<\/h2>\n<a href=\"https:\/\/muukreacje.pl\/jak-stracic-dwa-rozmiary-w-5-minut-webinar\/\" target=\"_blank\" class=\"button primary is-shade is-larger box-shadow-4 box-shadow-5-hover\" rel=\"noopener\" style=\"border-radius:10px;\">\n\t\t<span>kliknij tu i poczytaj<\/span>\n\t<\/a>\n\n\t\t<\/div>\n\t\t\t\t\t<\/div>\n\n\t\n<\/div>\n\t\t<\/div>\n\n\t\t\n<style>\n#section_732087558 {\n  padding-top: 59px;\n  padding-bottom: 59px;\n  min-height: 300px;\n  background-color: rgb(240, 240, 240);\n}\n<\/style>\n\t<\/section>\n\t\n","protected":false},"excerpt":{"rendered":"<p>Odkrywamy sekrety mody, kt\u00f3re Ci\u0119 odmieni\u0105! <span class=\"html-span xexx8yu x4uap5 x18d9i69 xkhd6sd x1hl2dhg x16tdsg8 x1vvkbs x3nfvp2 x1j61x8r x1fcty0u xdj266r xat24cr xgzva0m xhhsvwb xxymvpz xlup9mm x1kky2od\"><img loading=\"lazy\" decoding=\"async\" class=\"xz74otr\" src=\"https:\/\/static.xx.fbcdn.net\/images\/emoji.php\/v9\/te0\/1\/16\/1f31f.png\" alt=\"\ud83c\udf1f\" width=\"16\" height=\"16\" \/><\/span> Gotowa na stylow\u0105 rewolucj\u0119? Na tym webinarze: Odkryjesz triki, kt\u00f3re natychmiast wyszczupl\u0105 Twoj\u0105 sylwetk\u0119,\u2028<span class=\"html-span xexx8yu x4uap5 x18d9i69 xkhd6sd x1hl2dhg x16tdsg8 x1vvkbs x3nfvp2 x1j61x8r x1fcty0u xdj266r xat24cr xgzva0m xhhsvwb xxymvpz xlup9mm x1kky2od\"><img loading=\"lazy\" decoding=\"async\" class=\"xz74otr\" src=\"https:\/\/static.xx.fbcdn.net\/images\/emoji.php\/v9\/t13\/1\/16\/1f308.png\" alt=\"\ud83c\udf08\" width=\"16\" height=\"16\" \/><\/span> Poznasz moc kolor\u00f3w \u2013 dowiesz si\u0119, kt\u00f3re dodadz\u0105 Ci energii i pewno\u015bci siebie, obalamy modowe mity i pokazujemy, jak tworzy\u0107 styl bez ogranicze\u0144,\u2028<span class=\"html-span xexx8yu x4uap5 x18d9i69 xkhd6sd x1hl2dhg x16tdsg8 x1vvkbs x3nfvp2 x1j61x8r x1fcty0u xdj266r xat24cr xgzva0m xhhsvwb xxymvpz xlup9mm x1kky2od\"><img loading=\"lazy\" decoding=\"async\" class=\"xz74otr\" src=\"https:\/\/static.xx.fbcdn.net\/images\/emoji.php\/v9\/taf\/1\/16\/1f6cd.png\" alt=\"\ud83d\udecd\ufe0f\" width=\"16\" height=\"16\" \/><\/span> Nauczysz si\u0119 kupowa\u0107 m\u0105drze i unika\u0107 stylowych pu\u0142apek. To wi\u0119cej ni\u017c webinar \u2013 to klucz do Twojego nowego, odwa\u017cnego JA! <span class=\"html-span xexx8yu x4uap5 x18d9i69 xkhd6sd x1hl2dhg x16tdsg8 x1vvkbs x3nfvp2 x1j61x8r x1fcty0u xdj266r xat24cr xgzva0m xhhsvwb xxymvpz xlup9mm x1kky2od\"><img loading=\"lazy\" decoding=\"async\" class=\"xz74otr\" src=\"https:\/\/static.xx.fbcdn.net\/images\/emoji.php\/v9\/tc7\/1\/16\/1f483.png\" alt=\"\ud83d\udc83\" width=\"16\" height=\"16\" \/>\u00a0<\/span><\/p>\n<p>&nbsp;<\/p>\n<p>Dost\u0119p do WebinarUU otrzymasz na maila po op\u0142aceniu zam\u00f3wienia<\/p>\n","protected":false},"featured_media":119372,"comment_status":"open","ping_status":"closed","template":"","meta":{"_acf_changed":false},"etykieta":[],"product_brand":[],"product_cat":[1685,1689,676,501,235,1710],"product_tag":[2366,2347,2349,2348,271,2346],"class_list":{"0":"post-99999","1":"product","2":"type-product","3":"status-publish","4":"has-post-thumbnail","6":"product_cat-on","7":"product_cat-unisex","8":"product_cat-sport","9":"product_cat-dodatki","10":"product_cat-poradniki","11":"product_cat-inne-zajebistosci","12":"product_tag-dieta","13":"product_tag-dla-kobiet","14":"product_tag-jak-schudnac","15":"product_tag-jak-stracic-rozmiary","16":"product_tag-odchudzanie","17":"product_tag-webinar","19":"first","20":"instock","21":"featured","22":"downloadable","23":"virtual","24":"purchasable","25":"product-type-simple"},"acf":[],"yoast_head":"<!-- This site is optimized with the Yoast SEO plugin v27.0 - https:\/\/yoast.com\/product\/yoast-seo-wordpress\/ -->\n<title>Zapis WEBINARU &quot;Jak straci\u0107 2 rozmiary w 5 minut&quot; - MUUkreacje moda damska, odzie\u017c szyta na wymiar z kolorowych autorskich print\u00f3w<\/title>\n<meta name=\"description\" content=\"Muukreacje - moda damska na wymiar z autorskimi printami. Szyjemy na Twoj\u0105 miar\u0119 - jeste\u015b pi\u0119kna! Polska marka odzie\u017cowa. Sklep online.\" \/>\n<meta name=\"robots\" content=\"index, follow, max-snippet:-1, max-image-preview:large, max-video-preview:-1\" \/>\n<link rel=\"canonical\" href=\"https:\/\/muukreacje.pl\/sklep\/poradniki\/zapis-webinaru-jak-stracic-2-rozmiary-w-5-minut-2\/\" \/>\n<meta property=\"og:locale\" content=\"en_US\" \/>\n<meta property=\"og:type\" content=\"article\" \/>\n<meta property=\"og:title\" content=\"Zapis WEBINARU &quot;Jak straci\u0107 2 rozmiary w 5 minut&quot; - MUUkreacje moda damska, odzie\u017c szyta na wymiar z kolorowych autorskich print\u00f3w\" \/>\n<meta property=\"og:description\" content=\"Muukreacje - moda damska na wymiar z autorskimi printami. Szyjemy na Twoj\u0105 miar\u0119 - jeste\u015b pi\u0119kna! Polska marka odzie\u017cowa. Sklep online.\" \/>\n<meta property=\"og:url\" content=\"https:\/\/muukreacje.pl\/sklep\/poradniki\/zapis-webinaru-jak-stracic-2-rozmiary-w-5-minut-2\/\" \/>\n<meta property=\"og:site_name\" content=\"MUUkreacje moda damska, odzie\u017c szyta na wymiar z kolorowych autorskich print\u00f3w\" \/>\n<meta property=\"article:publisher\" content=\"https:\/\/www.facebook.com\/muukreacje\" \/>\n<meta property=\"article:modified_time\" content=\"2026-03-03T21:46:41+00:00\" \/>\n<meta property=\"og:image\" content=\"https:\/\/muukreacje.pl\/wp-content\/uploads\/2025\/07\/1.png\" \/>\n\t<meta property=\"og:image:width\" content=\"1080\" \/>\n\t<meta property=\"og:image:height\" content=\"1350\" \/>\n\t<meta property=\"og:image:type\" content=\"image\/png\" \/>\n<meta name=\"twitter:label1\" content=\"Est. reading time\" \/>\n\t<meta name=\"twitter:data1\" content=\"2 minutes\" \/>\n<!-- \/ Yoast SEO plugin. -->","yoast_head_json":{"title":"Zapis WEBINARU \"Jak straci\u0107 2 rozmiary w 5 minut\" - MUUkreacje moda damska, odzie\u017c szyta na wymiar z kolorowych autorskich print\u00f3w","description":"Muukreacje - moda damska na wymiar z autorskimi printami. Szyjemy na Twoj\u0105 miar\u0119 - jeste\u015b pi\u0119kna! Polska marka odzie\u017cowa. Sklep online.","robots":{"index":"index","follow":"follow","max-snippet":"max-snippet:-1","max-image-preview":"max-image-preview:large","max-video-preview":"max-video-preview:-1"},"canonical":"https:\/\/muukreacje.pl\/sklep\/poradniki\/zapis-webinaru-jak-stracic-2-rozmiary-w-5-minut-2\/","og_locale":"en_US","og_type":"article","og_title":"Zapis WEBINARU \"Jak straci\u0107 2 rozmiary w 5 minut\" - MUUkreacje moda damska, odzie\u017c szyta na wymiar z kolorowych autorskich print\u00f3w","og_description":"Muukreacje - moda damska na wymiar z autorskimi printami. Szyjemy na Twoj\u0105 miar\u0119 - jeste\u015b pi\u0119kna! Polska marka odzie\u017cowa. Sklep online.","og_url":"https:\/\/muukreacje.pl\/sklep\/poradniki\/zapis-webinaru-jak-stracic-2-rozmiary-w-5-minut-2\/","og_site_name":"MUUkreacje moda damska, odzie\u017c szyta na wymiar z kolorowych autorskich print\u00f3w","article_publisher":"https:\/\/www.facebook.com\/muukreacje","article_modified_time":"2026-03-03T21:46:41+00:00","og_image":[{"width":1080,"height":1350,"url":"https:\/\/muukreacje.pl\/wp-content\/uploads\/2025\/07\/1.png","type":"image\/png"}],"twitter_misc":{"Est. reading time":"2 minutes"},"schema":{"@context":"https:\/\/schema.org","@graph":[{"@type":"WebPage","@id":"https:\/\/muukreacje.pl\/sklep\/poradniki\/zapis-webinaru-jak-stracic-2-rozmiary-w-5-minut-2\/","url":"https:\/\/muukreacje.pl\/sklep\/poradniki\/zapis-webinaru-jak-stracic-2-rozmiary-w-5-minut-2\/","name":"Zapis WEBINARU \"Jak straci\u0107 2 rozmiary w 5 minut\" - MUUkreacje moda damska, odzie\u017c szyta na wymiar z kolorowych autorskich print\u00f3w","isPartOf":{"@id":"https:\/\/muukreacje.pl\/#website"},"primaryImageOfPage":{"@id":"https:\/\/muukreacje.pl\/sklep\/poradniki\/zapis-webinaru-jak-stracic-2-rozmiary-w-5-minut-2\/#primaryimage"},"image":{"@id":"https:\/\/muukreacje.pl\/sklep\/poradniki\/zapis-webinaru-jak-stracic-2-rozmiary-w-5-minut-2\/#primaryimage"},"thumbnailUrl":"https:\/\/muukreacje.pl\/wp-content\/uploads\/2025\/07\/1.png","datePublished":"2025-07-18T11:01:37+00:00","dateModified":"2026-03-03T21:46:41+00:00","description":"Muukreacje - moda damska na wymiar z autorskimi printami. Szyjemy na Twoj\u0105 miar\u0119 - jeste\u015b pi\u0119kna! Polska marka odzie\u017cowa. Sklep online.","breadcrumb":{"@id":"https:\/\/muukreacje.pl\/sklep\/poradniki\/zapis-webinaru-jak-stracic-2-rozmiary-w-5-minut-2\/#breadcrumb"},"inLanguage":"en-US","potentialAction":[{"@type":"ReadAction","target":["https:\/\/muukreacje.pl\/sklep\/poradniki\/zapis-webinaru-jak-stracic-2-rozmiary-w-5-minut-2\/"]}]},{"@type":"ImageObject","inLanguage":"en-US","@id":"https:\/\/muukreacje.pl\/sklep\/poradniki\/zapis-webinaru-jak-stracic-2-rozmiary-w-5-minut-2\/#primaryimage","url":"https:\/\/muukreacje.pl\/wp-content\/uploads\/2025\/07\/1.png","contentUrl":"https:\/\/muukreacje.pl\/wp-content\/uploads\/2025\/07\/1.png","width":1080,"height":1350,"caption":"WEBINAR JAK STRACI\u0106 DWA ROZMIARY W 5 MINUT WYSZCZUPLANIE ODCHUDZANIE"},{"@type":"BreadcrumbList","@id":"https:\/\/muukreacje.pl\/sklep\/poradniki\/zapis-webinaru-jak-stracic-2-rozmiary-w-5-minut-2\/#breadcrumb","itemListElement":[{"@type":"ListItem","position":1,"name":"Strona g\u0142\u00f3wna","item":"https:\/\/muukreacje.pl\/en\/"},{"@type":"ListItem","position":2,"name":"SKLEP","item":"https:\/\/muukreacje.pl\/sklep-moda-damska-szyta-na-wymiar\/"},{"@type":"ListItem","position":3,"name":"Zapis WEBINARU &#8220;Jak straci\u0107 2 rozmiary w 5 minut&#8221;"}]},{"@type":"WebSite","@id":"https:\/\/muukreacje.pl\/#website","url":"https:\/\/muukreacje.pl\/","name":"MUUkreacje moda damska szyta na wymiar z autorskich print\u00f3w","description":"SZYJEMY DLA WYSOKICH, NISKICH, PLUS SIZE I PETITE CZYLI DLA KA\u017bDEJ Z WAS! DLA CIEBIE TE\u017b! ","publisher":{"@id":"https:\/\/muukreacje.pl\/#organization"},"potentialAction":[{"@type":"SearchAction","target":{"@type":"EntryPoint","urlTemplate":"https:\/\/muukreacje.pl\/?s={search_term_string}"},"query-input":{"@type":"PropertyValueSpecification","valueRequired":true,"valueName":"search_term_string"}}],"inLanguage":"en-US"},{"@type":"Organization","@id":"https:\/\/muukreacje.pl\/#organization","name":"MuuKreacje.pl","url":"https:\/\/muukreacje.pl\/","logo":{"@type":"ImageObject","inLanguage":"en-US","@id":"https:\/\/muukreacje.pl\/#\/schema\/logo\/image\/","url":"https:\/\/muukreacje.pl\/wp-content\/uploads\/2020\/09\/MuuKreacje-logo-opt-woo2.png","contentUrl":"https:\/\/muukreacje.pl\/wp-content\/uploads\/2020\/09\/MuuKreacje-logo-opt-woo2.png","width":220,"height":145,"caption":"MuuKreacje.pl"},"image":{"@id":"https:\/\/muukreacje.pl\/#\/schema\/logo\/image\/"},"sameAs":["https:\/\/www.facebook.com\/muukreacje","https:\/\/www.instagram.com\/muukreacje"]}]}},"_links":{"self":[{"href":"https:\/\/muukreacje.pl\/en\/wp-json\/wp\/v2\/product\/99999","targetHints":{"allow":["GET"]}}],"collection":[{"href":"https:\/\/muukreacje.pl\/en\/wp-json\/wp\/v2\/product"}],"about":[{"href":"https:\/\/muukreacje.pl\/en\/wp-json\/wp\/v2\/types\/product"}],"replies":[{"embeddable":true,"href":"https:\/\/muukreacje.pl\/en\/wp-json\/wp\/v2\/comments?post=99999"}],"wp:featuredmedia":[{"embeddable":true,"href":"https:\/\/muukreacje.pl\/en\/wp-json\/wp\/v2\/media\/119372"}],"wp:attachment":[{"href":"https:\/\/muukreacje.pl\/en\/wp-json\/wp\/v2\/media?parent=99999"}],"wp:term":[{"taxonomy":"etykieta","embeddable":true,"href":"https:\/\/muukreacje.pl\/en\/wp-json\/wp\/v2\/etykieta?post=99999"},{"taxonomy":"product_brand","embeddable":true,"href":"https:\/\/muukreacje.pl\/en\/wp-json\/wp\/v2\/product_brand?post=99999"},{"taxonomy":"product_cat","embeddable":true,"href":"https:\/\/muukreacje.pl\/en\/wp-json\/wp\/v2\/product_cat?post=99999"},{"taxonomy":"product_tag","embeddable":true,"href":"https:\/\/muukreacje.pl\/en\/wp-json\/wp\/v2\/product_tag?post=99999"}],"curies":[{"name":"wp","href":"https:\/\/api.w.org\/{rel}","templated":true}]}}